{"id":706,"date":"2024-01-05T12:41:19","date_gmt":"2024-01-05T11:41:19","guid":{"rendered":"https:\/\/scantoplan.de\/politica-de-privacidad\/"},"modified":"2024-01-05T12:41:19","modified_gmt":"2024-01-05T11:41:19","slug":"politica-de-privacidad","status":"publish","type":"page","link":"https:\/\/scantoplan.de\/es\/politica-de-privacidad\/","title":{"rendered":"Pol\u00edtica de privacidad"},"content":{"rendered":"<h1>Gesti\u00f3n de datos<\/h1>\n<p><p>In dieser Datenschutzerkl\u00e4rung informieren wir Sie \u00fcber die Verarbeitung Ihrer personenbezogenen Daten.<\/p>\n<p> Sofern Sie Ihre Datenschutzeinstellungen \u00e4ndern m\u00f6chten (Einwilligungen erteilen oder bereits erteilte Einwilligungen widerrufen), klicken Sie <a target=\"_blank\" href=\"#\" class=\"sp-dsgvo-show-privacy-popup\">hier<\/a> um Ihre Einstellungen zu \u00e4ndern.<\/p>\n<h2>Responsible<\/h2>\n<p>Dipl.-Ing. J\u00f6rg Asthoff, Scantoplan, Reginenstra\u00dfe 26, 45130 Essen, Deutschland, <a href=\"mailto:ja@scantoplan.de\">ja@scantoplan.de<\/a>, +491749079731<\/p>\n<h2>Data security officer<\/h2>\n<p><p>Unseren Datenschutzbeauftragten erreichen Sie unter:<\/p>\n<p>attn. J\u00f6rg Asthoff, <br \/>Reginenstra\u00dfe 26 <br \/>45130 Essen <br \/>Phone: +491749079731 <br \/>Email: <a href=\"mailto:ja@scantoplan.de\">ja@scantoplan.de<\/a> <\/p>\n<h2>Hosting<\/h2>\n<p><strong>Anbieter:<\/strong> <span style=\"color: #2f1c6a;font-size: 16px\">HOSTINGER operations, UAB<\/span><\/p>\n<p>\u0160vitrigailos str. 34, Vilnius 03230 Lithuania<\/p>\n<p style=\"border: 0px;margin: 0px;padding: 0px;vertical-align: baseline;color: #2f1c6a;font-size: 16px\">Phone:\u00a0<a style=\"border: 0px;margin: 0px;padding: 0px;vertical-align: baseline;border-radius: 0px;cursor: pointer;color: #673de6;font-weight: bold\" href=\"tel:+37064503378\">+37064503378<\/a><\/p>\n<p style=\"border: 0px;margin: 0px;padding: 0px;vertical-align: baseline;color: #2f1c6a;font-size: 16px\">Email:\u00a0<a style=\"border: 0px;margin: 0px;padding: 0px;vertical-align: baseline;border-radius: 0px;cursor: pointer;color: #673de6;font-weight: bold\" href=\"mailto:domains@hostinger.com\">domains@hostinger.com<\/a><\/p>\n<p><strong>Datenschutzerkl\u00e4rung:<\/strong><a href=\"https:\/\/www.hostinger.de\/legal\/datenschutz-bestimmungen\"> Link zur Datenschutzerkl\u00e4rung<\/a><\/p>\n<h2>Right to object<\/h2>\n<p><p>Sofern die Verarbeitung Ihrer personenbezogenen Daten auf Grundlage des berechtigten Interesses erfolgt, haben Sie das Recht gegen diese Verarbeitung zu widersprechen.<\/p>\n<p>Sofern keine zwingenden schutzw\u00fcrdigen Gr\u00fcnde f\u00fcr die Verarbeitung unsererseits vorliegen, wird die Verarbeitung Ihrer Daten auf Basis dieser Rechtsgrundlage eingestellt.<\/p>\n<p>Zudem haben Sie das Recht, der Verarbeitung Ihrer personenbezogenen Daten zum Zweck der Direktwerbung zu widersprechen. Im Fall des Widerspruchs werden Ihre personenbezogenen Daten nicht mehr zum Zweck der Direktwerbung verarbeitet.<\/p>\n<p>Die Rechtm\u00e4\u00dfigkeit der bis zum Widerspruch verarbeiteten Daten wird durch den Widerspruch nicht ber\u00fchrt.<\/p>\n<\/p>\n<h2>Withdrawal<\/h2>\n<p><p>Sie haben das Recht eine bereits erteilte Einwilligung jederzeit zu widerrufen, indem Sie die <a target=\"_blank\" class=\"lwb-ppsp\" href=\"#\" title=\"Datenschutzeinstellungen\">Datenschutzeinstellungen<\/a> \u00e4ndern.<\/p>\n<p>Im Fall der Einwilligung in den Erhalt elektronischer Werbung kann der Widerruf Ihrer Einwilligung durch Klick auf den Abmeldelink erfolgen. In diesem Fall wird eine Verarbeitung, sofern keine andere Rechtsgrundlage besteht, eingestellt.<\/p>\n<p>Die Rechtm\u00e4\u00dfigkeit der bis zum Widerruf verarbeiteten Daten wird durch den Widerruf nicht ber\u00fchrt.<\/p>\n<\/p>\n<h2>Right to data subject<\/h2>\n<p><p>Sie haben zudem das Recht auf Auskunft, Berichtigung, L\u00f6schung und Einschr\u00e4nkung der Verarbeitung der personenbezogenen Daten.<\/p>\n<p>Soweit die Rechtsgrundlage der Verarbeitung Ihrer personenbezogenen Daten in Ihrer Einwilligung oder in einem mit Ihnen abgeschlossenen Vertrag besteht, haben Sie \u00fcberdies das Recht auf Daten\u00fcbertragbarkeit. <\/p>\n<p>Weiters haben Sie das Recht auf Beschwerde bei der Aufsichtsbeh\u00f6rde. N\u00e4here Informationen zu den Aufsichtsbeh\u00f6rden in der Europ\u00e4ischen Union finden Sie <a target=\"_blank\" href=\"https:\/\/ec.europa.eu\/justice\/article-29\/structure\/data-protection-authorities\/index_en.htm\" title=\"Datenschutzbeh\u00f6rden\">hier<\/a>.<\/p><\/p>\n\n","protected":false},"excerpt":{"rendered":"","protected":false},"author":1,"featured_media":0,"parent":0,"menu_order":0,"comment_status":"closed","ping_status":"closed","template":"","meta":{"_et_pb_use_builder":"","_et_pb_old_content":"","_et_gb_content_width":"","footnotes":""},"class_list":["post-706","page","type-page","status-publish","hentry"],"yoast_head":"<!-- This site is optimized with the Yoast SEO Premium plugin v26.6 (Yoast SEO v27.5) - https:\/\/yoast.com\/product\/yoast-seo-premium-wordpress\/ -->\n<title>Pol\u00edtica de privacidad - SCANTOPLAN<\/title>\n<meta name=\"robots\" content=\"index, follow, max-snippet:-1, max-image-preview:large, max-video-preview:-1\" \/>\n<link rel=\"canonical\" href=\"https:\/\/scantoplan.de\/es\/politica-de-privacidad\/\" \/>\n<meta property=\"og:locale\" content=\"es_ES\" \/>\n<meta property=\"og:type\" content=\"article\" \/>\n<meta property=\"og:title\" content=\"Pol\u00edtica de privacidad\" \/>\n<meta property=\"og:url\" content=\"https:\/\/scantoplan.de\/es\/politica-de-privacidad\/\" \/>\n<meta property=\"og:site_name\" content=\"SCANTOPLAN\" \/>\n<meta property=\"article:publisher\" content=\"https:\/\/www.facebook.com\/scantoplande\/\" \/>\n<meta name=\"twitter:card\" content=\"summary_large_image\" \/>\n<script type=\"application\/ld+json\" class=\"yoast-schema-graph\">{\"@context\":\"https:\\\/\\\/schema.org\",\"@graph\":[{\"@type\":\"WebPage\",\"@id\":\"https:\\\/\\\/scantoplan.de\\\/es\\\/politica-de-privacidad\\\/\",\"url\":\"https:\\\/\\\/scantoplan.de\\\/es\\\/politica-de-privacidad\\\/\",\"name\":\"Pol\u00edtica de privacidad - SCANTOPLAN\",\"isPartOf\":{\"@id\":\"https:\\\/\\\/scantoplan.de\\\/es\\\/#website\"},\"datePublished\":\"2024-01-05T11:41:19+00:00\",\"breadcrumb\":{\"@id\":\"https:\\\/\\\/scantoplan.de\\\/es\\\/politica-de-privacidad\\\/#breadcrumb\"},\"inLanguage\":\"es\",\"potentialAction\":[{\"@type\":\"ReadAction\",\"target\":[\"https:\\\/\\\/scantoplan.de\\\/es\\\/politica-de-privacidad\\\/\"]}]},{\"@type\":\"BreadcrumbList\",\"@id\":\"https:\\\/\\\/scantoplan.de\\\/es\\\/politica-de-privacidad\\\/#breadcrumb\",\"itemListElement\":[{\"@type\":\"ListItem\",\"position\":1,\"name\":\"Startseite\",\"item\":\"https:\\\/\\\/scantoplan.de\\\/es\\\/\"},{\"@type\":\"ListItem\",\"position\":2,\"name\":\"Pol\u00edtica de privacidad\"}]},{\"@type\":\"WebSite\",\"@id\":\"https:\\\/\\\/scantoplan.de\\\/es\\\/#website\",\"url\":\"https:\\\/\\\/scantoplan.de\\\/es\\\/\",\"name\":\"SCANTOPLAN\",\"description\":\"Virtuelle Touren und digitale Grundrisse\",\"publisher\":{\"@id\":\"https:\\\/\\\/scantoplan.de\\\/es\\\/#organization\"},\"potentialAction\":[{\"@type\":\"SearchAction\",\"target\":{\"@type\":\"EntryPoint\",\"urlTemplate\":\"https:\\\/\\\/scantoplan.de\\\/es\\\/?s={search_term_string}\"},\"query-input\":{\"@type\":\"PropertyValueSpecification\",\"valueRequired\":true,\"valueName\":\"search_term_string\"}}],\"inLanguage\":\"es\"},{\"@type\":\"Organization\",\"@id\":\"https:\\\/\\\/scantoplan.de\\\/es\\\/#organization\",\"name\":\"SCANTOPLAN\",\"url\":\"https:\\\/\\\/scantoplan.de\\\/es\\\/\",\"logo\":{\"@type\":\"ImageObject\",\"inLanguage\":\"es\",\"@id\":\"https:\\\/\\\/scantoplan.de\\\/es\\\/#\\\/schema\\\/logo\\\/image\\\/\",\"url\":\"https:\\\/\\\/scantoplan.de\\\/wp-content\\\/uploads\\\/2024\\\/01\\\/SCANTOPLAN-LOGO-Blue.png\",\"contentUrl\":\"https:\\\/\\\/scantoplan.de\\\/wp-content\\\/uploads\\\/2024\\\/01\\\/SCANTOPLAN-LOGO-Blue.png\",\"width\":958,\"height\":800,\"caption\":\"SCANTOPLAN\"},\"image\":{\"@id\":\"https:\\\/\\\/scantoplan.de\\\/es\\\/#\\\/schema\\\/logo\\\/image\\\/\"},\"sameAs\":[\"https:\\\/\\\/www.facebook.com\\\/scantoplande\\\/\"]}]}<\/script>\n<!-- \/ Yoast SEO Premium plugin. -->","yoast_head_json":{"title":"Pol\u00edtica de privacidad - SCANTOPLAN","robots":{"index":"index","follow":"follow","max-snippet":"max-snippet:-1","max-image-preview":"max-image-preview:large","max-video-preview":"max-video-preview:-1"},"canonical":"https:\/\/scantoplan.de\/es\/politica-de-privacidad\/","og_locale":"es_ES","og_type":"article","og_title":"Pol\u00edtica de privacidad","og_url":"https:\/\/scantoplan.de\/es\/politica-de-privacidad\/","og_site_name":"SCANTOPLAN","article_publisher":"https:\/\/www.facebook.com\/scantoplande\/","twitter_card":"summary_large_image","schema":{"@context":"https:\/\/schema.org","@graph":[{"@type":"WebPage","@id":"https:\/\/scantoplan.de\/es\/politica-de-privacidad\/","url":"https:\/\/scantoplan.de\/es\/politica-de-privacidad\/","name":"Pol\u00edtica de privacidad - SCANTOPLAN","isPartOf":{"@id":"https:\/\/scantoplan.de\/es\/#website"},"datePublished":"2024-01-05T11:41:19+00:00","breadcrumb":{"@id":"https:\/\/scantoplan.de\/es\/politica-de-privacidad\/#breadcrumb"},"inLanguage":"es","potentialAction":[{"@type":"ReadAction","target":["https:\/\/scantoplan.de\/es\/politica-de-privacidad\/"]}]},{"@type":"BreadcrumbList","@id":"https:\/\/scantoplan.de\/es\/politica-de-privacidad\/#breadcrumb","itemListElement":[{"@type":"ListItem","position":1,"name":"Startseite","item":"https:\/\/scantoplan.de\/es\/"},{"@type":"ListItem","position":2,"name":"Pol\u00edtica de privacidad"}]},{"@type":"WebSite","@id":"https:\/\/scantoplan.de\/es\/#website","url":"https:\/\/scantoplan.de\/es\/","name":"SCANTOPLAN","description":"Virtuelle Touren und digitale Grundrisse","publisher":{"@id":"https:\/\/scantoplan.de\/es\/#organization"},"potentialAction":[{"@type":"SearchAction","target":{"@type":"EntryPoint","urlTemplate":"https:\/\/scantoplan.de\/es\/?s={search_term_string}"},"query-input":{"@type":"PropertyValueSpecification","valueRequired":true,"valueName":"search_term_string"}}],"inLanguage":"es"},{"@type":"Organization","@id":"https:\/\/scantoplan.de\/es\/#organization","name":"SCANTOPLAN","url":"https:\/\/scantoplan.de\/es\/","logo":{"@type":"ImageObject","inLanguage":"es","@id":"https:\/\/scantoplan.de\/es\/#\/schema\/logo\/image\/","url":"https:\/\/scantoplan.de\/wp-content\/uploads\/2024\/01\/SCANTOPLAN-LOGO-Blue.png","contentUrl":"https:\/\/scantoplan.de\/wp-content\/uploads\/2024\/01\/SCANTOPLAN-LOGO-Blue.png","width":958,"height":800,"caption":"SCANTOPLAN"},"image":{"@id":"https:\/\/scantoplan.de\/es\/#\/schema\/logo\/image\/"},"sameAs":["https:\/\/www.facebook.com\/scantoplande\/"]}]}},"_links":{"self":[{"href":"https:\/\/scantoplan.de\/es\/wp-json\/wp\/v2\/pages\/706","targetHints":{"allow":["GET"]}}],"collection":[{"href":"https:\/\/scantoplan.de\/es\/wp-json\/wp\/v2\/pages"}],"about":[{"href":"https:\/\/scantoplan.de\/es\/wp-json\/wp\/v2\/types\/page"}],"author":[{"embeddable":true,"href":"https:\/\/scantoplan.de\/es\/wp-json\/wp\/v2\/users\/1"}],"replies":[{"embeddable":true,"href":"https:\/\/scantoplan.de\/es\/wp-json\/wp\/v2\/comments?post=706"}],"version-history":[{"count":0,"href":"https:\/\/scantoplan.de\/es\/wp-json\/wp\/v2\/pages\/706\/revisions"}],"wp:attachment":[{"href":"https:\/\/scantoplan.de\/es\/wp-json\/wp\/v2\/media?parent=706"}],"curies":[{"name":"wp","href":"https:\/\/api.w.org\/{rel}","templated":true}]}}