{"id":690,"date":"2024-01-23T12:57:21","date_gmt":"2024-01-23T11:57:21","guid":{"rendered":"https:\/\/scantoplan.de\/industrias\/"},"modified":"2025-04-14T16:14:51","modified_gmt":"2025-04-14T14:14:51","slug":"industrias","status":"publish","type":"page","link":"https:\/\/scantoplan.de\/es\/industrias\/","title":{"rendered":"Industrias"},"content":{"rendered":"\n[et_pb_section fb_built=\u00bb1&#8243; _builder_version=\u00bb4.25.0&#8243; _module_preset=\u00bbdefault\u00bb global_colors_info=\u00bb{}\u00bb][et_pb_row column_structure=\u00bb1_2,1_2&#8243; _builder_version=\u00bb4.25.0&#8243; _module_preset=\u00bbdefault\u00bb global_colors_info=\u00bb{}\u00bb][et_pb_column type=\u00bb1_2&#8243; _builder_version=\u00bb4.25.0&#8243; _module_preset=\u00bbdefault\u00bb global_colors_info=\u00bb{}\u00bb][et_pb_heading title=\u00bb\u00bfQu\u00e9 sectores se benefician de los planos digitales y las visitas virtuales?\u00bb _builder_version=\u00bb4.25.0&#8243; _module_preset=\u00bbdefault\u00bb global_colors_info=\u00bb{}\u00bb][\/et_pb_heading][et_pb_text _builder_version=\u00bb4.25.0&#8243; _module_preset=\u00bbdefault\u00bb text_font_size=\u00bb16px\u00bb global_colors_info=\u00bb{}\u00bb]<p><span>Los planos digitales y las visitas virtuales ofrecen numerosas ventajas para diversos sectores.  <\/span><\/p>\n<p><span>Como agente inmobiliario, puedes aumentar tu alcance con las visitas virtuales y presentar tu propiedad a posibles compradores desde la comodidad de su propia casa.  <\/span><\/p>\n<p><span>Los arquitectos y las empresas constructoras se benefician de planos de planta DWG precisos y de una planificaci\u00f3n eficaz de los proyectos.  <\/span><\/p>\n<p><span>Para las compa\u00f1\u00edas de seguros y restauraci\u00f3n, los planos y recorridos digitales ofrecen una forma pr\u00e1ctica de analizar los edificios en detalle.  <\/span><\/p>\n<p><span>Los administradores de fincas tambi\u00e9n pueden beneficiarse de esta tecnolog\u00eda innovadora para generar informaci\u00f3n precisa sobre los edificios de forma r\u00e1pida y segura.  <\/span><\/p>\n<p><span>Utiliza las ventajas de los planos digitales y las visitas virtuales para tu \u00e9xito.<\/span><\/p>[\/et_pb_text][\/et_pb_column][et_pb_column type=\u00bb1_2&#8243; _builder_version=\u00bb4.25.0&#8243; _module_preset=\u00bbdefault\u00bb global_colors_info=\u00bb{}\u00bb][et_pb_accordion _builder_version=\u00bb4.27.2&#8243; _module_preset=\u00bbdefault\u00bb toggle_level=\u00bbh3&#8243; body_font_size=\u00bb16px\u00bb hover_enabled=\u00bb0&#8243; border_radii=\u00bbon|10px|10px|10px|10px\u00bb border_width_all=\u00bb2px\u00bb border_color_all=\u00bb#0d8ddd\u00bb global_colors_info=\u00bb{}\u00bb sticky_enabled=\u00bb0&#8243;][et_pb_accordion_item title=\u00bbAgente inmobiliario\u00bb open=\u00bboff\u00bb _builder_version=\u00bb4.25.0&#8243; _module_preset=\u00bbdefault\u00bb global_colors_info=\u00bb{}\u00bb]<div>\n<p>Las visitas virtuales en 3D y los planos de planta de iGUIDE<br>ayudan a cerrar la venta<\/p>\n<\/div>\n<div class=\"fusion-text fusion-text-2 fusion-text-no-margin\">\n<p>Las visitas virtuales te permiten aumentar tu alcance y mostrar la propiedad de tu cliente a un p\u00fablico m\u00e1s amplio de compradores desde la comodidad de su propia casa. Es como una jornada de puertas abiertas, pero online y disponible las 24 horas del d\u00eda.   <\/p>\n<p>Mediante una avanzada tecnolog\u00eda de c\u00e1maras, iGUIDE crea una visita virtual interactiva de una propiedad y da al espectador la sensaci\u00f3n de estar realmente all\u00ed.<\/p>\n<\/div>[\/et_pb_accordion_item][et_pb_accordion_item title=\u00bbArquitectura y construcci\u00f3n\u00bb _builder_version=\u00bb4.27.2&#8243; _module_preset=\u00bbdefault\u00bb hover_enabled=\u00bb0&#8243; global_colors_info=\u00bb{}\u00bb open=\u00bboff\u00bb sticky_enabled=\u00bb0&#8243;]<p>Con iGUIDE, puedes crear planos de planta DWG en 48 horas*, compartir f\u00e1cilmente los archivos del proyecto con tus socios y crear visitas guiadas en 3D para tus clientes.<\/p>\n<p>Las mediciones imprecisas, los procesos lentos y la planificaci\u00f3n ineficaz de los proyectos nos complican la vida. Nosotros tenemos la soluci\u00f3n. <\/p>\n<p>Descubre c\u00f3mo puedes aumentar la productividad y reducir los costes con una demostraci\u00f3n virtual.<\/p>[\/et_pb_accordion_item][et_pb_accordion_item title=\u00bbSeguros y restauraci\u00f3n\u00bb _builder_version=\u00bb4.27.2&#8243; _module_preset=\u00bbdefault\u00bb hover_enabled=\u00bb0&#8243; global_colors_info=\u00bb{}\u00bb open=\u00bboff\u00bb sticky_enabled=\u00bb0&#8243;]<p id=\"tw-target-text\" class=\"tw-data-text tw-text-large tw-ta\" dir=\"ltr\" data-placeholder=\"\u00dcbersetzung\" aria-label=\"\u00dcbersetzter Text\" data-ved=\"2ahUKEwj15qCz2ueFAxWGnf0HHXadCscQ3ewLegQIBRAU\"><span class=\"Y2IQFc\" lang=\"de\">Minimizar la posibilidad de informaci\u00f3n falsa. Las reclamaciones de seguros y los casos de recuperaci\u00f3n pueden retrasarse debido a la fiabilidad de las pruebas y la exactitud de la informaci\u00f3n. <\/span><\/p>\n<p class=\"tw-data-text tw-text-large tw-ta\" dir=\"ltr\" data-placeholder=\"\u00dcbersetzung\" aria-label=\"\u00dcbersetzter Text\" data-ved=\"2ahUKEwj15qCz2ueFAxWGnf0HHXadCscQ3ewLegQIBRAU\"><span class=\"Y2IQFc\" lang=\"de\"><br>Con la tecnolog\u00eda iGUIDE, la incertidumbre de la medici\u00f3n de la distancia en un plano es del 0,5% o mejor y la incertidumbre del recuento de metros cuadrados es del 1% o mejor, por lo que estar\u00e1s en el lado seguro al tramitar tu reclamaci\u00f3n.<\/span><\/p>\n<p dir=\"ltr\" data-placeholder=\"\u00dcbersetzung\" aria-label=\"\u00dcbersetzter Text\" data-ved=\"2ahUKEwj15qCz2ueFAxWGnf0HHXadCscQ3ewLegQIBRAU\">iGuide te ayuda con la ayuda de <span class=\"Y2IQFc\" lang=\"de\">Xactimate <\/span>.<span class=\"Y2IQFc\" lang=\"de\">Xactimate es el software de estimaci\u00f3n de siniestros l\u00edder y m\u00e1s fiable del sector de las reparaciones de seguros.<\/span><\/p>[\/et_pb_accordion_item][et_pb_accordion_item title=\u00bbGesti\u00f3n de la propiedad\u00bb _builder_version=\u00bb4.25.0&#8243; _module_preset=\u00bbdefault\u00bb global_colors_info=\u00bb{}\u00bb open=\u00bbon\u00bb]<p><span>iGUIDE proporciona a los gestores de instalaciones la forma m\u00e1s pr\u00e1ctica de generar de forma r\u00e1pida, sencilla y segura informaci\u00f3n precisa sobre los edificios para compartirla con las partes interesadas y ayudarles a gestionar sus din\u00e1micas cargas de trabajo.<\/span><\/p>[\/et_pb_accordion_item][\/et_pb_accordion][\/et_pb_column][\/et_pb_row][\/et_pb_section]\n","protected":false},"excerpt":{"rendered":"<p>Los planos digitales y las visitas virtuales ofrecen numerosas ventajas para diversos sectores. Como agente inmobiliario, puedes aumentar tu alcance con las visitas virtuales y presentar tu propiedad a posibles compradores desde la comodidad de su propia casa. Los arquitectos y las empresas constructoras se benefician de planos de planta DWG precisos y de una [&hellip;]<\/p>\n","protected":false},"author":1,"featured_media":0,"parent":0,"menu_order":0,"comment_status":"closed","ping_status":"closed","template":"","meta":{"_et_pb_use_builder":"on","_et_pb_old_content":"","_et_gb_content_width":"","footnotes":""},"class_list":["post-690","page","type-page","status-publish","hentry"],"yoast_head":"<!-- This site is optimized with the Yoast SEO Premium plugin v26.6 (Yoast SEO v27.3) - https:\/\/yoast.com\/product\/yoast-seo-premium-wordpress\/ -->\n<title>Planos digitales y visitas virtuales - SCANTOPLAN<\/title>\n<meta name=\"description\" content=\"Descubre c\u00f3mo los planos digitales y las visitas virtuales sirven de apoyo a diversas industrias.\" \/>\n<meta name=\"robots\" content=\"index, follow, max-snippet:-1, max-image-preview:large, max-video-preview:-1\" \/>\n<link rel=\"canonical\" href=\"https:\/\/scantoplan.de\/es\/industrias\/\" \/>\n<meta property=\"og:locale\" content=\"es_ES\" \/>\n<meta property=\"og:type\" content=\"article\" \/>\n<meta property=\"og:title\" content=\"Industrias\" \/>\n<meta property=\"og:description\" content=\"Descubre c\u00f3mo los planos digitales y las visitas virtuales sirven de apoyo a diversas industrias.\" \/>\n<meta property=\"og:url\" content=\"https:\/\/scantoplan.de\/es\/industrias\/\" \/>\n<meta property=\"og:site_name\" content=\"SCANTOPLAN\" \/>\n<meta property=\"article:publisher\" content=\"https:\/\/www.facebook.com\/scantoplande\/\" \/>\n<meta property=\"article:modified_time\" content=\"2025-04-14T14:14:51+00:00\" \/>\n<meta name=\"twitter:card\" content=\"summary_large_image\" \/>\n<meta name=\"twitter:label1\" content=\"Tiempo de lectura\" \/>\n\t<meta name=\"twitter:data1\" content=\"3 minutos\" \/>\n<script type=\"application\/ld+json\" class=\"yoast-schema-graph\">{\"@context\":\"https:\\\/\\\/schema.org\",\"@graph\":[{\"@type\":\"WebPage\",\"@id\":\"https:\\\/\\\/scantoplan.de\\\/es\\\/industrias\\\/\",\"url\":\"https:\\\/\\\/scantoplan.de\\\/es\\\/industrias\\\/\",\"name\":\"Planos digitales y visitas virtuales - SCANTOPLAN\",\"isPartOf\":{\"@id\":\"https:\\\/\\\/scantoplan.de\\\/es\\\/#website\"},\"datePublished\":\"2024-01-23T11:57:21+00:00\",\"dateModified\":\"2025-04-14T14:14:51+00:00\",\"description\":\"Descubre c\u00f3mo los planos digitales y las visitas virtuales sirven de apoyo a diversas industrias.\",\"breadcrumb\":{\"@id\":\"https:\\\/\\\/scantoplan.de\\\/es\\\/industrias\\\/#breadcrumb\"},\"inLanguage\":\"es\",\"potentialAction\":[{\"@type\":\"ReadAction\",\"target\":[\"https:\\\/\\\/scantoplan.de\\\/es\\\/industrias\\\/\"]}]},{\"@type\":\"BreadcrumbList\",\"@id\":\"https:\\\/\\\/scantoplan.de\\\/es\\\/industrias\\\/#breadcrumb\",\"itemListElement\":[{\"@type\":\"ListItem\",\"position\":1,\"name\":\"Startseite\",\"item\":\"https:\\\/\\\/scantoplan.de\\\/es\\\/\"},{\"@type\":\"ListItem\",\"position\":2,\"name\":\"Industrias\"}]},{\"@type\":\"WebSite\",\"@id\":\"https:\\\/\\\/scantoplan.de\\\/es\\\/#website\",\"url\":\"https:\\\/\\\/scantoplan.de\\\/es\\\/\",\"name\":\"SCANTOPLAN\",\"description\":\"Virtuelle Touren und digitale Grundrisse\",\"publisher\":{\"@id\":\"https:\\\/\\\/scantoplan.de\\\/es\\\/#organization\"},\"potentialAction\":[{\"@type\":\"SearchAction\",\"target\":{\"@type\":\"EntryPoint\",\"urlTemplate\":\"https:\\\/\\\/scantoplan.de\\\/es\\\/?s={search_term_string}\"},\"query-input\":{\"@type\":\"PropertyValueSpecification\",\"valueRequired\":true,\"valueName\":\"search_term_string\"}}],\"inLanguage\":\"es\"},{\"@type\":\"Organization\",\"@id\":\"https:\\\/\\\/scantoplan.de\\\/es\\\/#organization\",\"name\":\"SCANTOPLAN\",\"url\":\"https:\\\/\\\/scantoplan.de\\\/es\\\/\",\"logo\":{\"@type\":\"ImageObject\",\"inLanguage\":\"es\",\"@id\":\"https:\\\/\\\/scantoplan.de\\\/es\\\/#\\\/schema\\\/logo\\\/image\\\/\",\"url\":\"https:\\\/\\\/scantoplan.de\\\/wp-content\\\/uploads\\\/2024\\\/01\\\/SCANTOPLAN-LOGO-Blue.png\",\"contentUrl\":\"https:\\\/\\\/scantoplan.de\\\/wp-content\\\/uploads\\\/2024\\\/01\\\/SCANTOPLAN-LOGO-Blue.png\",\"width\":958,\"height\":800,\"caption\":\"SCANTOPLAN\"},\"image\":{\"@id\":\"https:\\\/\\\/scantoplan.de\\\/es\\\/#\\\/schema\\\/logo\\\/image\\\/\"},\"sameAs\":[\"https:\\\/\\\/www.facebook.com\\\/scantoplande\\\/\"]}]}<\/script>\n<!-- \/ Yoast SEO Premium plugin. -->","yoast_head_json":{"title":"Planos digitales y visitas virtuales - SCANTOPLAN","description":"Descubre c\u00f3mo los planos digitales y las visitas virtuales sirven de apoyo a diversas industrias.","robots":{"index":"index","follow":"follow","max-snippet":"max-snippet:-1","max-image-preview":"max-image-preview:large","max-video-preview":"max-video-preview:-1"},"canonical":"https:\/\/scantoplan.de\/es\/industrias\/","og_locale":"es_ES","og_type":"article","og_title":"Industrias","og_description":"Descubre c\u00f3mo los planos digitales y las visitas virtuales sirven de apoyo a diversas industrias.","og_url":"https:\/\/scantoplan.de\/es\/industrias\/","og_site_name":"SCANTOPLAN","article_publisher":"https:\/\/www.facebook.com\/scantoplande\/","article_modified_time":"2025-04-14T14:14:51+00:00","twitter_card":"summary_large_image","twitter_misc":{"Tiempo de lectura":"3 minutos"},"schema":{"@context":"https:\/\/schema.org","@graph":[{"@type":"WebPage","@id":"https:\/\/scantoplan.de\/es\/industrias\/","url":"https:\/\/scantoplan.de\/es\/industrias\/","name":"Planos digitales y visitas virtuales - SCANTOPLAN","isPartOf":{"@id":"https:\/\/scantoplan.de\/es\/#website"},"datePublished":"2024-01-23T11:57:21+00:00","dateModified":"2025-04-14T14:14:51+00:00","description":"Descubre c\u00f3mo los planos digitales y las visitas virtuales sirven de apoyo a diversas industrias.","breadcrumb":{"@id":"https:\/\/scantoplan.de\/es\/industrias\/#breadcrumb"},"inLanguage":"es","potentialAction":[{"@type":"ReadAction","target":["https:\/\/scantoplan.de\/es\/industrias\/"]}]},{"@type":"BreadcrumbList","@id":"https:\/\/scantoplan.de\/es\/industrias\/#breadcrumb","itemListElement":[{"@type":"ListItem","position":1,"name":"Startseite","item":"https:\/\/scantoplan.de\/es\/"},{"@type":"ListItem","position":2,"name":"Industrias"}]},{"@type":"WebSite","@id":"https:\/\/scantoplan.de\/es\/#website","url":"https:\/\/scantoplan.de\/es\/","name":"SCANTOPLAN","description":"Virtuelle Touren und digitale Grundrisse","publisher":{"@id":"https:\/\/scantoplan.de\/es\/#organization"},"potentialAction":[{"@type":"SearchAction","target":{"@type":"EntryPoint","urlTemplate":"https:\/\/scantoplan.de\/es\/?s={search_term_string}"},"query-input":{"@type":"PropertyValueSpecification","valueRequired":true,"valueName":"search_term_string"}}],"inLanguage":"es"},{"@type":"Organization","@id":"https:\/\/scantoplan.de\/es\/#organization","name":"SCANTOPLAN","url":"https:\/\/scantoplan.de\/es\/","logo":{"@type":"ImageObject","inLanguage":"es","@id":"https:\/\/scantoplan.de\/es\/#\/schema\/logo\/image\/","url":"https:\/\/scantoplan.de\/wp-content\/uploads\/2024\/01\/SCANTOPLAN-LOGO-Blue.png","contentUrl":"https:\/\/scantoplan.de\/wp-content\/uploads\/2024\/01\/SCANTOPLAN-LOGO-Blue.png","width":958,"height":800,"caption":"SCANTOPLAN"},"image":{"@id":"https:\/\/scantoplan.de\/es\/#\/schema\/logo\/image\/"},"sameAs":["https:\/\/www.facebook.com\/scantoplande\/"]}]}},"_links":{"self":[{"href":"https:\/\/scantoplan.de\/es\/wp-json\/wp\/v2\/pages\/690","targetHints":{"allow":["GET"]}}],"collection":[{"href":"https:\/\/scantoplan.de\/es\/wp-json\/wp\/v2\/pages"}],"about":[{"href":"https:\/\/scantoplan.de\/es\/wp-json\/wp\/v2\/types\/page"}],"author":[{"embeddable":true,"href":"https:\/\/scantoplan.de\/es\/wp-json\/wp\/v2\/users\/1"}],"replies":[{"embeddable":true,"href":"https:\/\/scantoplan.de\/es\/wp-json\/wp\/v2\/comments?post=690"}],"version-history":[{"count":1,"href":"https:\/\/scantoplan.de\/es\/wp-json\/wp\/v2\/pages\/690\/revisions"}],"predecessor-version":[{"id":691,"href":"https:\/\/scantoplan.de\/es\/wp-json\/wp\/v2\/pages\/690\/revisions\/691"}],"wp:attachment":[{"href":"https:\/\/scantoplan.de\/es\/wp-json\/wp\/v2\/media?parent=690"}],"curies":[{"name":"wp","href":"https:\/\/api.w.org\/{rel}","templated":true}]}}