{"id":684,"date":"2024-01-22T16:48:52","date_gmt":"2024-01-22T15:48:52","guid":{"rendered":"https:\/\/scantoplan.de\/precios\/"},"modified":"2025-04-14T16:14:49","modified_gmt":"2025-04-14T14:14:49","slug":"precios","status":"publish","type":"page","link":"https:\/\/scantoplan.de\/es\/precios\/","title":{"rendered":"Precios"},"content":{"rendered":"<p>[et_pb_section fb_built=\u00bb1&#8243; _builder_version=\u00bb4.27.0&#8243; _module_preset=\u00bbdefault\u00bb global_colors_info=\u00bb{}\u00bb][et_pb_row _builder_version=\u00bb4.27.0&#8243; _module_preset=\u00bbdefault\u00bb global_colors_info=\u00bb{}\u00bb][et_pb_column type=\u00bb4_4&#8243; _builder_version=\u00bb4.27.0&#8243; _module_preset=\u00bbdefault\u00bb global_colors_info=\u00bb{}\u00bb][et_pb_heading title=\u00bbNuestros precios de orientaci\u00f3n\u00bb _builder_version=\u00bb4.27.0&#8243; _module_preset=\u00bbdefault\u00bb global_colors_info=\u00bb{}\u00bb][\/et_pb_heading][et_pb_text _builder_version=\u00bb4.27.0&#8243; _module_preset=\u00bbdefault\u00bb global_colors_info=\u00bb{}\u00bb]<\/p>\n<p>Todos los precios son exclusivos. IVA del 19% actual<\/p>\n<p>[\/et_pb_text][\/et_pb_column][\/et_pb_row][et_pb_row column_structure=\u00bb1_3,1_3,1_3&#8243; _builder_version=\u00bb4.27.0&#8243; _module_preset=\u00bbdefault\u00bb global_colors_info=\u00bb{}\u00bb][et_pb_column type=\u00bb1_3&#8243; _builder_version=\u00bb4.27.0&#8243; _module_preset=\u00bbdefault\u00bb global_colors_info=\u00bb{}\u00bb][et_pb_pricing_tables featured_table_background_color=\u00bb#E02B20&#8243; header_background_color=\u00bb#0C71C3&#8243; show_featured_drop_shadow=\u00bboff\u00bb _builder_version=\u00bb4.27.2&#8243; _module_preset=\u00bbdefault\u00bb currency_frequency_text_color=\u00bb#0C71C3&#8243; subheader_text_color=\u00bb#FFFFFF\u00bb header_text_color=\u00bb#FFFFFF\u00bb header_level=\u00bbh1&#8243; header_font_size=\u00bb35px\u00bb body_font_size=\u00bb16px\u00bb subheader_font=\u00bb|600|||||||\u00bb subheader_font_size=\u00bb24px\u00bb price_font=\u00bb|800|||||||\u00bb price_text_align=\u00bbcenter\u00bb price_font_size=\u00bb60px\u00bb currency_frequency_font=\u00bb|800|||||||\u00bb currency_frequency_font_size=\u00bb60px\u00bb currency_frequency_letter_spacing=\u00bb25px\u00bb currency_frequency_line_height=\u00bb2.1em\u00bb background_color=\u00bbRGBA(255,255,255,0)\u00bb module_alignment=\u00bbcenter\u00bb border_radii=\u00bbon|20px|20px|20px|20px\u00bb border_width_all=\u00bb5px\u00bb border_color_all=\u00bb#0C71C3&#8243; global_colors_info=\u00bb{}\u00bb][et_pb_pricing_table title=\u00bbiGu\u00eda\u00bb currency=\u00bb\u20ac\u00bb sum=\u00bb280&#8243; button_text=\u00bbInformaci\u00f3n\u00bb _builder_version=\u00bb4.27.2&#8243; _module_preset=\u00bbdefault\u00bb price_font=\u00bb|700|||||||\u00bb price_font_size=\u00bb50px\u00bb price_line_height=\u00bb50px\u00bb currency_frequency_font=\u00bb|700|||||||\u00bb currency_frequency_font_size=\u00bb50px\u00bb currency_frequency_line_height=\u00bb1.1em\u00bb global_colors_info=\u00bb{}\u00bb sticky_transition=\u00bbon\u00bb]<\/p>\n<p>hasta 139 m\u00b2, despu\u00e9s 1,50 \u20ac m\u00e1s por m\u00b2<\/p>\n<p>Incluye:<\/p>\n<p>Planos codificados por colores en formatos online, PDF, JPG y SVG<\/p>\n<p>Gu\u00eda para generar interesados<\/p>\n<p><span class=\"OYPEnA text-decoration-none text-strikethrough-none\">Visita Virtual 3D iGUIDE<\/span><\/p>\n<p><span class=\"OYPEnA text-decoration-none text-strikethrough-none\">Archivo descargable sin conexi\u00f3n<\/span><\/p>\n<p><span class=\"OYPEnA text-decoration-none text-strikethrough-none\">C\u00e1lculos de superficie 2D conformes con ANSI-Z765 y RMS para obtener datos precisos por metro cuadrado<\/span><\/p>\n<p><span class=\"OYPEnA text-decoration-none text-strikethrough-none\">Paquete de alojamiento 1 a\u00f1o<\/span><\/p>\n<p>[\/et_pb_pricing_table][\/et_pb_pricing_tables][\/et_pb_column][et_pb_column type=\u00bb1_3&#8243; _builder_version=\u00bb4.27.0&#8243; _module_preset=\u00bbdefault\u00bb global_colors_info=\u00bb{}\u00bb][et_pb_pricing_tables featured_table_background_color=\u00bb#E02B20&#8243; featured_table_header_text_color=\u00bb#EDF000&#8243; header_background_color=\u00bb#7CDA24&#8243; show_featured_drop_shadow=\u00bboff\u00bb _builder_version=\u00bb4.27.2&#8243; _module_preset=\u00bbdefault\u00bb currency_frequency_text_color=\u00bb#0C71C3&#8243; header_text_color=\u00bb#FFFFFF\u00bb header_level=\u00bbh1&#8243; header_font_size=\u00bb35px\u00bb body_font_size=\u00bb16px\u00bb subheader_font=\u00bb|600|||||||\u00bb subheader_font_size=\u00bb23px\u00bb price_font=\u00bb|800|||||||\u00bb price_text_align=\u00bbcenter\u00bb price_font_size=\u00bb60px\u00bb currency_frequency_font=\u00bb|800|||||||\u00bb currency_frequency_font_size=\u00bb60px\u00bb currency_frequency_letter_spacing=\u00bb25px\u00bb currency_frequency_line_height=\u00bb2.1em\u00bb background_color=\u00bbRGBA(255,255,255,0)\u00bb module_alignment=\u00bbcenter\u00bb border_radii=\u00bbon|20px|20px|20px|20px\u00bb border_width_all=\u00bb5px\u00bb border_color_all=\u00bb#7CDA24&#8243; global_colors_info=\u00bb{}\u00bb][et_pb_pricing_table title=\u00bbiGu\u00eda Pro\u00bb currency=\u00bb\u20ac\u00bb sum=\u00bb310&#8243; button_text=\u00bbInformaci\u00f3n\u00bb _builder_version=\u00bb4.27.2&#8243; _module_preset=\u00bbdefault\u00bb price_font=\u00bb|700|||||||\u00bb price_font_size=\u00bb50px\u00bb currency_frequency_font=\u00bb|700|||||||\u00bb currency_frequency_font_size=\u00bb50px\u00bb currency_frequency_line_height=\u00bb1.1em\u00bb global_colors_info=\u00bb{}\u00bb sticky_transition=\u00bbon\u00bb]<\/p>\n<p>hasta 139 m\u00b2, despu\u00e9s 1,50 \u20ac m\u00e1s por m\u00b2<\/p>\n<p>Incluye todo lo de iGuide ,<\/p>\n<p>  m\u00e1s<\/p>\n<p>Planos de planta mejorados y detallados con mobiliario y electrodom\u00e9sticos<\/p>\n<p>Compatible con RV<\/p>\n<p>[\/et_pb_pricing_table][\/et_pb_pricing_tables][\/et_pb_column][et_pb_column type=\u00bb1_3&#8243; _builder_version=\u00bb4.27.0&#8243; _module_preset=\u00bbdefault\u00bb global_colors_info=\u00bb{}\u00bb][et_pb_pricing_tables featured_table_background_color=\u00bb#E02B20&#8243; header_background_color=\u00bb#E02B20&#8243; featured_table_bullet_color=\u00bb#0C71C3&#8243; bullet_color=\u00bb#0C71C3&#8243; show_featured_drop_shadow=\u00bboff\u00bb _builder_version=\u00bb4.27.3&#8243; _module_preset=\u00bbdefault\u00bb currency_frequency_text_color=\u00bb#0C71C3&#8243; header_text_color=\u00bb#FFFFFF\u00bb header_level=\u00bbh1&#8243; header_font_size=\u00bb35px\u00bb body_font_size=\u00bb16px\u00bb subheader_font=\u00bb|600|||||||\u00bb subheader_font_size=\u00bb25px\u00bb price_font=\u00bb|800|||||||\u00bb price_text_align=\u00bbcenter\u00bb price_font_size=\u00bb60px\u00bb currency_frequency_font=\u00bb|800|||||||\u00bb currency_frequency_font_size=\u00bb60px\u00bb currency_frequency_letter_spacing=\u00bb25px\u00bb currency_frequency_line_height=\u00bb2.1em\u00bb background_color=\u00bbRGBA(255,255,255,0)\u00bb module_alignment=\u00bbcenter\u00bb hover_enabled=\u00bb0&#8243; border_radii=\u00bbon|20px|20px|20px|20px\u00bb border_width_all=\u00bb5px\u00bb border_color_all=\u00bb#E02B20&#8243; global_colors_info=\u00bb{}\u00bb sticky_enabled=\u00bb0&#8243;][et_pb_pricing_table title=\u00bbiGuide Pro CAD\u00bb currency=\u00bb\u20ac\u00bb sum=\u00bb350&#8243; button_text=\u00bbInformaci\u00f3n\u00bb _builder_version=\u00bb4.27.3&#8243; _module_preset=\u00bbdefault\u00bb price_font=\u00bb|700|||||||\u00bb price_font_size=\u00bb50px\u00bb currency_frequency_font=\u00bb|700|||||||\u00bb currency_frequency_font_size=\u00bb50px\u00bb currency_frequency_line_height=\u00bb1.1em\u00bb hover_enabled=\u00bb0&#8243; global_colors_info=\u00bb{}\u00bb sticky_transition=\u00bbon\u00bb sticky_enabled=\u00bb0&#8243;]<\/p>\n<p> <span><span>hasta 139 m\u00b2, despu\u00e9s 1,50 \u20ac por m\u00b2 extra<br \/><\/span><\/span><span>Incluye todo lo de iGuide Pro<br \/><\/span>m\u00e1s<br \/>Archivos compatibles con Autocad (formato DWG y DXF)<\/p>\n<p>[\/et_pb_pricing_table][\/et_pb_pricing_tables][\/et_pb_column][\/et_pb_row][et_pb_row column_structure=\u00bb1_2,1_2&#8243; _builder_version=\u00bb4.27.0&#8243; _module_preset=\u00bbdefault\u00bb global_colors_info=\u00bb{}\u00bb][et_pb_column type=\u00bb1_2&#8243; _builder_version=\u00bb4.27.0&#8243; _module_preset=\u00bbdefault\u00bb global_colors_info=\u00bb{}\u00bb][et_pb_text _builder_version=\u00bb4.27.0&#8243; _module_preset=\u00bbdefault\u00bb text_font=\u00bb|600|||||||\u00bb text_font_size=\u00bb20px\u00bb text_letter_spacing=\u00bb2px\u00bb text_line_height=\u00bb1.9em\u00bb global_colors_info=\u00bb{}\u00bb]<\/p>\n<p>Los costes de digitalizaci\u00f3n de los inmuebles var\u00edan tanto como los propios inmuebles. Cada edificio tiene sus propias caracter\u00edsticas y requisitos especiales, que se reflejan en los precios. En SCANTOPLAN sabemos que no hay dos proyectos iguales. Por eso ofrecemos soluciones personalizadas que se adaptan a las necesidades individuales de cada cliente. Trabajemos juntos para encontrar la mejor opci\u00f3n para tu propiedad y crear la presentaci\u00f3n perfecta.<\/p>\n<p>[\/et_pb_text][\/et_pb_column][et_pb_column type=\u00bb1_2&#8243; _builder_version=\u00bb4.27.0&#8243; _module_preset=\u00bbdefault\u00bb global_colors_info=\u00bb{}\u00bb][wpforms_selector form_id=\u00bb435&#8243; show_title=\u00bbon\u00bb _builder_version=\u00bb4.27.0&#8243; _module_preset=\u00bbdefault\u00bb global_colors_info=\u00bb{}\u00bb][\/wpforms_selector][\/et_pb_column][\/et_pb_row][\/et_pb_section]<\/p>\n","protected":false},"excerpt":{"rendered":"<p>Todos los precios son exclusivos. IVA del 19% actualhasta 139 m\u00b2, despu\u00e9s 1,50 \u20ac m\u00e1s por m\u00b2 Incluye: Planos codificados por colores en formatos online, PDF, JPG y SVG Gu\u00eda para generar interesados Visita Virtual 3D iGUIDE Archivo descargable sin conexi\u00f3n C\u00e1lculos de superficie 2D conformes con ANSI-Z765 y RMS para obtener datos precisos por [&hellip;]<\/p>\n","protected":false},"author":1,"featured_media":0,"parent":0,"menu_order":0,"comment_status":"closed","ping_status":"closed","template":"","meta":{"_et_pb_use_builder":"on","_et_pb_old_content":"","_et_gb_content_width":"","footnotes":""},"class_list":["post-684","page","type-page","status-publish","hentry"],"yoast_head":"<!-- This site is optimized with the Yoast SEO Premium plugin v26.6 (Yoast SEO v27.5) - https:\/\/yoast.com\/product\/yoast-seo-premium-wordpress\/ -->\n<title>Precios - SCANTOPLAN<\/title>\n<meta name=\"robots\" content=\"index, follow, max-snippet:-1, max-image-preview:large, max-video-preview:-1\" \/>\n<link rel=\"canonical\" href=\"https:\/\/scantoplan.de\/es\/precios\/\" \/>\n<meta property=\"og:locale\" content=\"es_ES\" \/>\n<meta property=\"og:type\" content=\"article\" \/>\n<meta property=\"og:title\" content=\"Precios\" \/>\n<meta property=\"og:description\" content=\"Todos los precios son exclusivos. IVA del 19% actualhasta 139 m\u00b2, despu\u00e9s 1,50 \u20ac m\u00e1s por m\u00b2 Incluye: Planos codificados por colores en formatos online, PDF, JPG y SVG Gu\u00eda para generar interesados Visita Virtual 3D iGUIDE Archivo descargable sin conexi\u00f3n C\u00e1lculos de superficie 2D conformes con ANSI-Z765 y RMS para obtener datos precisos por [&hellip;]\" \/>\n<meta property=\"og:url\" content=\"https:\/\/scantoplan.de\/es\/precios\/\" \/>\n<meta property=\"og:site_name\" content=\"SCANTOPLAN\" \/>\n<meta property=\"article:publisher\" content=\"https:\/\/www.facebook.com\/scantoplande\/\" \/>\n<meta property=\"article:modified_time\" content=\"2025-04-14T14:14:49+00:00\" \/>\n<meta name=\"twitter:card\" content=\"summary_large_image\" \/>\n<meta name=\"twitter:label1\" content=\"Tiempo de lectura\" \/>\n\t<meta name=\"twitter:data1\" content=\"5 minutos\" \/>\n<script type=\"application\/ld+json\" class=\"yoast-schema-graph\">{\"@context\":\"https:\\\/\\\/schema.org\",\"@graph\":[{\"@type\":\"WebPage\",\"@id\":\"https:\\\/\\\/scantoplan.de\\\/es\\\/precios\\\/\",\"url\":\"https:\\\/\\\/scantoplan.de\\\/es\\\/precios\\\/\",\"name\":\"Precios - SCANTOPLAN\",\"isPartOf\":{\"@id\":\"https:\\\/\\\/scantoplan.de\\\/es\\\/#website\"},\"datePublished\":\"2024-01-22T15:48:52+00:00\",\"dateModified\":\"2025-04-14T14:14:49+00:00\",\"breadcrumb\":{\"@id\":\"https:\\\/\\\/scantoplan.de\\\/es\\\/precios\\\/#breadcrumb\"},\"inLanguage\":\"es\",\"potentialAction\":[{\"@type\":\"ReadAction\",\"target\":[\"https:\\\/\\\/scantoplan.de\\\/es\\\/precios\\\/\"]}]},{\"@type\":\"BreadcrumbList\",\"@id\":\"https:\\\/\\\/scantoplan.de\\\/es\\\/precios\\\/#breadcrumb\",\"itemListElement\":[{\"@type\":\"ListItem\",\"position\":1,\"name\":\"Startseite\",\"item\":\"https:\\\/\\\/scantoplan.de\\\/es\\\/\"},{\"@type\":\"ListItem\",\"position\":2,\"name\":\"Precios\"}]},{\"@type\":\"WebSite\",\"@id\":\"https:\\\/\\\/scantoplan.de\\\/es\\\/#website\",\"url\":\"https:\\\/\\\/scantoplan.de\\\/es\\\/\",\"name\":\"SCANTOPLAN\",\"description\":\"Virtuelle Touren und digitale Grundrisse\",\"publisher\":{\"@id\":\"https:\\\/\\\/scantoplan.de\\\/es\\\/#organization\"},\"potentialAction\":[{\"@type\":\"SearchAction\",\"target\":{\"@type\":\"EntryPoint\",\"urlTemplate\":\"https:\\\/\\\/scantoplan.de\\\/es\\\/?s={search_term_string}\"},\"query-input\":{\"@type\":\"PropertyValueSpecification\",\"valueRequired\":true,\"valueName\":\"search_term_string\"}}],\"inLanguage\":\"es\"},{\"@type\":\"Organization\",\"@id\":\"https:\\\/\\\/scantoplan.de\\\/es\\\/#organization\",\"name\":\"SCANTOPLAN\",\"url\":\"https:\\\/\\\/scantoplan.de\\\/es\\\/\",\"logo\":{\"@type\":\"ImageObject\",\"inLanguage\":\"es\",\"@id\":\"https:\\\/\\\/scantoplan.de\\\/es\\\/#\\\/schema\\\/logo\\\/image\\\/\",\"url\":\"https:\\\/\\\/scantoplan.de\\\/wp-content\\\/uploads\\\/2024\\\/01\\\/SCANTOPLAN-LOGO-Blue.png\",\"contentUrl\":\"https:\\\/\\\/scantoplan.de\\\/wp-content\\\/uploads\\\/2024\\\/01\\\/SCANTOPLAN-LOGO-Blue.png\",\"width\":958,\"height\":800,\"caption\":\"SCANTOPLAN\"},\"image\":{\"@id\":\"https:\\\/\\\/scantoplan.de\\\/es\\\/#\\\/schema\\\/logo\\\/image\\\/\"},\"sameAs\":[\"https:\\\/\\\/www.facebook.com\\\/scantoplande\\\/\"]}]}<\/script>\n<!-- \/ Yoast SEO Premium plugin. -->","yoast_head_json":{"title":"Precios - SCANTOPLAN","robots":{"index":"index","follow":"follow","max-snippet":"max-snippet:-1","max-image-preview":"max-image-preview:large","max-video-preview":"max-video-preview:-1"},"canonical":"https:\/\/scantoplan.de\/es\/precios\/","og_locale":"es_ES","og_type":"article","og_title":"Precios","og_description":"Todos los precios son exclusivos. IVA del 19% actualhasta 139 m\u00b2, despu\u00e9s 1,50 \u20ac m\u00e1s por m\u00b2 Incluye: Planos codificados por colores en formatos online, PDF, JPG y SVG Gu\u00eda para generar interesados Visita Virtual 3D iGUIDE Archivo descargable sin conexi\u00f3n C\u00e1lculos de superficie 2D conformes con ANSI-Z765 y RMS para obtener datos precisos por [&hellip;]","og_url":"https:\/\/scantoplan.de\/es\/precios\/","og_site_name":"SCANTOPLAN","article_publisher":"https:\/\/www.facebook.com\/scantoplande\/","article_modified_time":"2025-04-14T14:14:49+00:00","twitter_card":"summary_large_image","twitter_misc":{"Tiempo de lectura":"5 minutos"},"schema":{"@context":"https:\/\/schema.org","@graph":[{"@type":"WebPage","@id":"https:\/\/scantoplan.de\/es\/precios\/","url":"https:\/\/scantoplan.de\/es\/precios\/","name":"Precios - SCANTOPLAN","isPartOf":{"@id":"https:\/\/scantoplan.de\/es\/#website"},"datePublished":"2024-01-22T15:48:52+00:00","dateModified":"2025-04-14T14:14:49+00:00","breadcrumb":{"@id":"https:\/\/scantoplan.de\/es\/precios\/#breadcrumb"},"inLanguage":"es","potentialAction":[{"@type":"ReadAction","target":["https:\/\/scantoplan.de\/es\/precios\/"]}]},{"@type":"BreadcrumbList","@id":"https:\/\/scantoplan.de\/es\/precios\/#breadcrumb","itemListElement":[{"@type":"ListItem","position":1,"name":"Startseite","item":"https:\/\/scantoplan.de\/es\/"},{"@type":"ListItem","position":2,"name":"Precios"}]},{"@type":"WebSite","@id":"https:\/\/scantoplan.de\/es\/#website","url":"https:\/\/scantoplan.de\/es\/","name":"SCANTOPLAN","description":"Virtuelle Touren und digitale Grundrisse","publisher":{"@id":"https:\/\/scantoplan.de\/es\/#organization"},"potentialAction":[{"@type":"SearchAction","target":{"@type":"EntryPoint","urlTemplate":"https:\/\/scantoplan.de\/es\/?s={search_term_string}"},"query-input":{"@type":"PropertyValueSpecification","valueRequired":true,"valueName":"search_term_string"}}],"inLanguage":"es"},{"@type":"Organization","@id":"https:\/\/scantoplan.de\/es\/#organization","name":"SCANTOPLAN","url":"https:\/\/scantoplan.de\/es\/","logo":{"@type":"ImageObject","inLanguage":"es","@id":"https:\/\/scantoplan.de\/es\/#\/schema\/logo\/image\/","url":"https:\/\/scantoplan.de\/wp-content\/uploads\/2024\/01\/SCANTOPLAN-LOGO-Blue.png","contentUrl":"https:\/\/scantoplan.de\/wp-content\/uploads\/2024\/01\/SCANTOPLAN-LOGO-Blue.png","width":958,"height":800,"caption":"SCANTOPLAN"},"image":{"@id":"https:\/\/scantoplan.de\/es\/#\/schema\/logo\/image\/"},"sameAs":["https:\/\/www.facebook.com\/scantoplande\/"]}]}},"_links":{"self":[{"href":"https:\/\/scantoplan.de\/es\/wp-json\/wp\/v2\/pages\/684","targetHints":{"allow":["GET"]}}],"collection":[{"href":"https:\/\/scantoplan.de\/es\/wp-json\/wp\/v2\/pages"}],"about":[{"href":"https:\/\/scantoplan.de\/es\/wp-json\/wp\/v2\/types\/page"}],"author":[{"embeddable":true,"href":"https:\/\/scantoplan.de\/es\/wp-json\/wp\/v2\/users\/1"}],"replies":[{"embeddable":true,"href":"https:\/\/scantoplan.de\/es\/wp-json\/wp\/v2\/comments?post=684"}],"version-history":[{"count":2,"href":"https:\/\/scantoplan.de\/es\/wp-json\/wp\/v2\/pages\/684\/revisions"}],"predecessor-version":[{"id":686,"href":"https:\/\/scantoplan.de\/es\/wp-json\/wp\/v2\/pages\/684\/revisions\/686"}],"wp:attachment":[{"href":"https:\/\/scantoplan.de\/es\/wp-json\/wp\/v2\/media?parent=684"}],"curies":[{"name":"wp","href":"https:\/\/api.w.org\/{rel}","templated":true}]}}