{"id":661,"date":"2024-08-23T11:29:26","date_gmt":"2024-08-23T09:29:26","guid":{"rendered":"https:\/\/scantoplan.de\/planos-de-planta-con-precision-laser\/"},"modified":"2025-06-03T15:39:05","modified_gmt":"2025-06-03T13:39:05","slug":"planos-de-planta-con-precision-laser","status":"publish","type":"page","link":"https:\/\/scantoplan.de\/es\/planos-de-planta-con-precision-laser\/","title":{"rendered":"Planos de planta con precisi\u00f3n l\u00e1ser"},"content":{"rendered":"<p>[et_pb_section fb_built=\u00bb1&#8243; _builder_version=\u00bb4.25.0&#8243; _module_preset=\u00bbdefault\u00bb global_colors_info=\u00bb{}\u00bb][et_pb_row column_structure=\u00bb1_2,1_2&#8243; _builder_version=\u00bb4.25.0&#8243; _module_preset=\u00bbdefault\u00bb global_colors_info=\u00bb{}\u00bb][et_pb_column type=\u00bb1_2&#8243; _builder_version=\u00bb4.25.0&#8243; _module_preset=\u00bbdefault\u00bb global_colors_info=\u00bb{}\u00bb][et_pb_heading title=\u00bbPlanos de planta con precisi\u00f3n l\u00e1ser\u00bb _builder_version=\u00bb4.25.0&#8243; _module_preset=\u00bbdefault\u00bb global_colors_info=\u00bb{}\u00bb][\/et_pb_heading][et_pb_text _builder_version=\u00bb4.27.0&#8243; _module_preset=\u00bbdefault\u00bb text_font_size=\u00bb16px\u00bb global_colors_info=\u00bb{}\u00bb]<\/p>\n<p>La medici\u00f3n con el l\u00e1ser especial proporciona planos de planta precisos. Las dimensiones y distancias se registran con precisi\u00f3n. Esto elimina la posibilidad de error humano al realizar las mediciones. Esto permite a arquitectos, interioristas, artesanos y constructores de cocinas planificar y dise\u00f1ar directamente.<\/p>\n<p>Los posibles compradores o inquilinos pueden explorar la distribuci\u00f3n y las dimensiones de la habitaci\u00f3n de forma clara y atractiva, si es necesario. Hazte una primera idea de las habitaciones, las terrazas, la zona de la piscina y los balcones.<\/p>\n<p>En una sola cita en tus instalaciones, adem\u00e1s de las panor\u00e1micas de 360\u00b0 para la visita virtual, recopilamos toda la informaci\u00f3n necesaria para crear un plano perfecto y preciso como un l\u00e1ser. Aunque la vivienda est\u00e9 amueblada. Piso por piso.<\/p>\n<p>Los planos de planta est\u00e1ndar iGUIDE son compatibles con CAD con un archivo DXF y ofrecen: Medici\u00f3n de objetos est\u00e1ndar, exportaci\u00f3n a Floorplanner, archivo descargable sin conexi\u00f3n, c\u00e1lculos de metros cuadrados 2D conforme a ANSI-Z765\/RMS, codificaci\u00f3n por colores y archivos PDF, JPG y SVG descargables.<\/p>\n<p>Planos iGuide Premium: como est\u00e1ndar + archivo DWG Premium adicional que incluye anotaciones como etiquetado, totales de superficie, objetos y dimensiones.<\/p>\n<p>[\/et_pb_text][\/et_pb_column][et_pb_column type=\u00bb1_2&#8243; _builder_version=\u00bb4.25.0&#8243; _module_preset=\u00bbdefault\u00bb global_colors_info=\u00bb{}\u00bb][et_pb_image src=\u00bbhttps:\/\/scantoplan.de\/wp-content\/uploads\/2024\/08\/Home-Images-Instant-Floorplans.png\u00bb alt=\u00bbPlanos de planta con precisi\u00f3n l\u00e1ser\u00bb title_text=\u00bbPlanos de planta con precisi\u00f3n l\u00e1ser\u00bb _builder_version=\u00bb4.27.4&#8243; _module_preset=\u00bbdefault\u00bb global_colors_info=\u00bb{}\u00bb][\/et_pb_image][et_pb_cta title=\u00bbEjemplo t\u00edpico de aplicaci\u00f3n: remodelaci\u00f3n \/ renovaci\u00f3n del n\u00facleo\u00bb button_text=\u00bbhaz clic aqu\u00ed\u00bb _builder_version=\u00bb4.27.4&#8243; _module_preset=\u00bbdefault\u00bb button_url=\u00bbhttps:\/\/youriguide.com\/vYKW9OR8TDZGD1&#8243; title_text=\u00bbEchtzeit-Tags\u00bb use_background_color_gradient=\u00bbon\u00bb hover_enabled=\u00bb0&#8243; sticky_enabled=\u00bb0&#8243; background_enable_image=\u00bboff\u00bb link_option_url=\u00bbhttps:\/\/youriguide.com\/vYKW9OR8TDZGD1&#8243; background_enable_color=\u00bboff\u00bb]<\/p>\n<p>Paquete iGuide Plus incl. archivo DXF y DWG <\/p>\n<p>[\/et_pb_cta][\/et_pb_column][\/et_pb_row][\/et_pb_section]<\/p>\n","protected":false},"excerpt":{"rendered":"<p>La medici\u00f3n con el l\u00e1ser especial proporciona planos de planta precisos. Las dimensiones y distancias se registran con precisi\u00f3n. Esto elimina la posibilidad de error humano al realizar las mediciones. Esto permite a arquitectos, interioristas, artesanos y constructores de cocinas planificar y dise\u00f1ar directamente. Los posibles compradores o inquilinos pueden explorar la distribuci\u00f3n y las [&hellip;]<\/p>\n","protected":false},"author":1,"featured_media":0,"parent":0,"menu_order":0,"comment_status":"closed","ping_status":"closed","template":"","meta":{"_et_pb_use_builder":"on","_et_pb_old_content":"","_et_gb_content_width":"","footnotes":""},"class_list":["post-661","page","type-page","status-publish","hentry"],"yoast_head":"<!-- This site is optimized with the Yoast SEO Premium plugin v26.6 (Yoast SEO v27.4) - https:\/\/yoast.com\/product\/yoast-seo-premium-wordpress\/ -->\n<title>Planos de planta con precisi\u00f3n l\u00e1ser - SCANTOPLAN<\/title>\n<meta name=\"description\" content=\"Benef\u00edciate de planos de planta precisos gracias a la medici\u00f3n l\u00e1ser. Registra dimensiones precisas y descarta errores al tomar medidas.\" \/>\n<meta name=\"robots\" content=\"index, follow, max-snippet:-1, max-image-preview:large, max-video-preview:-1\" \/>\n<link rel=\"canonical\" href=\"https:\/\/scantoplan.de\/es\/planos-de-planta-con-precision-laser\/\" \/>\n<meta property=\"og:locale\" content=\"es_ES\" \/>\n<meta property=\"og:type\" content=\"article\" \/>\n<meta property=\"og:title\" content=\"Planos de planta con precisi\u00f3n l\u00e1ser\" \/>\n<meta property=\"og:description\" content=\"Benef\u00edciate de planos de planta precisos gracias a la medici\u00f3n l\u00e1ser. Registra dimensiones precisas y descarta errores al tomar medidas.\" \/>\n<meta property=\"og:url\" content=\"https:\/\/scantoplan.de\/es\/planos-de-planta-con-precision-laser\/\" \/>\n<meta property=\"og:site_name\" content=\"SCANTOPLAN\" \/>\n<meta property=\"article:publisher\" content=\"https:\/\/www.facebook.com\/scantoplande\/\" \/>\n<meta property=\"article:modified_time\" content=\"2025-06-03T13:39:05+00:00\" \/>\n<meta name=\"twitter:card\" content=\"summary_large_image\" \/>\n<meta name=\"twitter:label1\" content=\"Tiempo de lectura\" \/>\n\t<meta name=\"twitter:data1\" content=\"2 minutos\" \/>\n<script type=\"application\/ld+json\" class=\"yoast-schema-graph\">{\"@context\":\"https:\\\/\\\/schema.org\",\"@graph\":[{\"@type\":\"WebPage\",\"@id\":\"https:\\\/\\\/scantoplan.de\\\/es\\\/planos-de-planta-con-precision-laser\\\/\",\"url\":\"https:\\\/\\\/scantoplan.de\\\/es\\\/planos-de-planta-con-precision-laser\\\/\",\"name\":\"Planos de planta con precisi\u00f3n l\u00e1ser - SCANTOPLAN\",\"isPartOf\":{\"@id\":\"https:\\\/\\\/scantoplan.de\\\/es\\\/#website\"},\"datePublished\":\"2024-08-23T09:29:26+00:00\",\"dateModified\":\"2025-06-03T13:39:05+00:00\",\"description\":\"Benef\u00edciate de planos de planta precisos gracias a la medici\u00f3n l\u00e1ser. Registra dimensiones precisas y descarta errores al tomar medidas.\",\"breadcrumb\":{\"@id\":\"https:\\\/\\\/scantoplan.de\\\/es\\\/planos-de-planta-con-precision-laser\\\/#breadcrumb\"},\"inLanguage\":\"es\",\"potentialAction\":[{\"@type\":\"ReadAction\",\"target\":[\"https:\\\/\\\/scantoplan.de\\\/es\\\/planos-de-planta-con-precision-laser\\\/\"]}]},{\"@type\":\"BreadcrumbList\",\"@id\":\"https:\\\/\\\/scantoplan.de\\\/es\\\/planos-de-planta-con-precision-laser\\\/#breadcrumb\",\"itemListElement\":[{\"@type\":\"ListItem\",\"position\":1,\"name\":\"Startseite\",\"item\":\"https:\\\/\\\/scantoplan.de\\\/es\\\/\"},{\"@type\":\"ListItem\",\"position\":2,\"name\":\"Planos de planta con precisi\u00f3n l\u00e1ser\"}]},{\"@type\":\"WebSite\",\"@id\":\"https:\\\/\\\/scantoplan.de\\\/es\\\/#website\",\"url\":\"https:\\\/\\\/scantoplan.de\\\/es\\\/\",\"name\":\"SCANTOPLAN\",\"description\":\"Virtuelle Touren und digitale Grundrisse\",\"publisher\":{\"@id\":\"https:\\\/\\\/scantoplan.de\\\/es\\\/#organization\"},\"potentialAction\":[{\"@type\":\"SearchAction\",\"target\":{\"@type\":\"EntryPoint\",\"urlTemplate\":\"https:\\\/\\\/scantoplan.de\\\/es\\\/?s={search_term_string}\"},\"query-input\":{\"@type\":\"PropertyValueSpecification\",\"valueRequired\":true,\"valueName\":\"search_term_string\"}}],\"inLanguage\":\"es\"},{\"@type\":\"Organization\",\"@id\":\"https:\\\/\\\/scantoplan.de\\\/es\\\/#organization\",\"name\":\"SCANTOPLAN\",\"url\":\"https:\\\/\\\/scantoplan.de\\\/es\\\/\",\"logo\":{\"@type\":\"ImageObject\",\"inLanguage\":\"es\",\"@id\":\"https:\\\/\\\/scantoplan.de\\\/es\\\/#\\\/schema\\\/logo\\\/image\\\/\",\"url\":\"https:\\\/\\\/scantoplan.de\\\/wp-content\\\/uploads\\\/2024\\\/01\\\/SCANTOPLAN-LOGO-Blue.png\",\"contentUrl\":\"https:\\\/\\\/scantoplan.de\\\/wp-content\\\/uploads\\\/2024\\\/01\\\/SCANTOPLAN-LOGO-Blue.png\",\"width\":958,\"height\":800,\"caption\":\"SCANTOPLAN\"},\"image\":{\"@id\":\"https:\\\/\\\/scantoplan.de\\\/es\\\/#\\\/schema\\\/logo\\\/image\\\/\"},\"sameAs\":[\"https:\\\/\\\/www.facebook.com\\\/scantoplande\\\/\"]}]}<\/script>\n<!-- \/ Yoast SEO Premium plugin. -->","yoast_head_json":{"title":"Planos de planta con precisi\u00f3n l\u00e1ser - SCANTOPLAN","description":"Benef\u00edciate de planos de planta precisos gracias a la medici\u00f3n l\u00e1ser. Registra dimensiones precisas y descarta errores al tomar medidas.","robots":{"index":"index","follow":"follow","max-snippet":"max-snippet:-1","max-image-preview":"max-image-preview:large","max-video-preview":"max-video-preview:-1"},"canonical":"https:\/\/scantoplan.de\/es\/planos-de-planta-con-precision-laser\/","og_locale":"es_ES","og_type":"article","og_title":"Planos de planta con precisi\u00f3n l\u00e1ser","og_description":"Benef\u00edciate de planos de planta precisos gracias a la medici\u00f3n l\u00e1ser. Registra dimensiones precisas y descarta errores al tomar medidas.","og_url":"https:\/\/scantoplan.de\/es\/planos-de-planta-con-precision-laser\/","og_site_name":"SCANTOPLAN","article_publisher":"https:\/\/www.facebook.com\/scantoplande\/","article_modified_time":"2025-06-03T13:39:05+00:00","twitter_card":"summary_large_image","twitter_misc":{"Tiempo de lectura":"2 minutos"},"schema":{"@context":"https:\/\/schema.org","@graph":[{"@type":"WebPage","@id":"https:\/\/scantoplan.de\/es\/planos-de-planta-con-precision-laser\/","url":"https:\/\/scantoplan.de\/es\/planos-de-planta-con-precision-laser\/","name":"Planos de planta con precisi\u00f3n l\u00e1ser - SCANTOPLAN","isPartOf":{"@id":"https:\/\/scantoplan.de\/es\/#website"},"datePublished":"2024-08-23T09:29:26+00:00","dateModified":"2025-06-03T13:39:05+00:00","description":"Benef\u00edciate de planos de planta precisos gracias a la medici\u00f3n l\u00e1ser. Registra dimensiones precisas y descarta errores al tomar medidas.","breadcrumb":{"@id":"https:\/\/scantoplan.de\/es\/planos-de-planta-con-precision-laser\/#breadcrumb"},"inLanguage":"es","potentialAction":[{"@type":"ReadAction","target":["https:\/\/scantoplan.de\/es\/planos-de-planta-con-precision-laser\/"]}]},{"@type":"BreadcrumbList","@id":"https:\/\/scantoplan.de\/es\/planos-de-planta-con-precision-laser\/#breadcrumb","itemListElement":[{"@type":"ListItem","position":1,"name":"Startseite","item":"https:\/\/scantoplan.de\/es\/"},{"@type":"ListItem","position":2,"name":"Planos de planta con precisi\u00f3n l\u00e1ser"}]},{"@type":"WebSite","@id":"https:\/\/scantoplan.de\/es\/#website","url":"https:\/\/scantoplan.de\/es\/","name":"SCANTOPLAN","description":"Virtuelle Touren und digitale Grundrisse","publisher":{"@id":"https:\/\/scantoplan.de\/es\/#organization"},"potentialAction":[{"@type":"SearchAction","target":{"@type":"EntryPoint","urlTemplate":"https:\/\/scantoplan.de\/es\/?s={search_term_string}"},"query-input":{"@type":"PropertyValueSpecification","valueRequired":true,"valueName":"search_term_string"}}],"inLanguage":"es"},{"@type":"Organization","@id":"https:\/\/scantoplan.de\/es\/#organization","name":"SCANTOPLAN","url":"https:\/\/scantoplan.de\/es\/","logo":{"@type":"ImageObject","inLanguage":"es","@id":"https:\/\/scantoplan.de\/es\/#\/schema\/logo\/image\/","url":"https:\/\/scantoplan.de\/wp-content\/uploads\/2024\/01\/SCANTOPLAN-LOGO-Blue.png","contentUrl":"https:\/\/scantoplan.de\/wp-content\/uploads\/2024\/01\/SCANTOPLAN-LOGO-Blue.png","width":958,"height":800,"caption":"SCANTOPLAN"},"image":{"@id":"https:\/\/scantoplan.de\/es\/#\/schema\/logo\/image\/"},"sameAs":["https:\/\/www.facebook.com\/scantoplande\/"]}]}},"_links":{"self":[{"href":"https:\/\/scantoplan.de\/es\/wp-json\/wp\/v2\/pages\/661","targetHints":{"allow":["GET"]}}],"collection":[{"href":"https:\/\/scantoplan.de\/es\/wp-json\/wp\/v2\/pages"}],"about":[{"href":"https:\/\/scantoplan.de\/es\/wp-json\/wp\/v2\/types\/page"}],"author":[{"embeddable":true,"href":"https:\/\/scantoplan.de\/es\/wp-json\/wp\/v2\/users\/1"}],"replies":[{"embeddable":true,"href":"https:\/\/scantoplan.de\/es\/wp-json\/wp\/v2\/comments?post=661"}],"version-history":[{"count":3,"href":"https:\/\/scantoplan.de\/es\/wp-json\/wp\/v2\/pages\/661\/revisions"}],"predecessor-version":[{"id":783,"href":"https:\/\/scantoplan.de\/es\/wp-json\/wp\/v2\/pages\/661\/revisions\/783"}],"wp:attachment":[{"href":"https:\/\/scantoplan.de\/es\/wp-json\/wp\/v2\/media?parent=661"}],"curies":[{"name":"wp","href":"https:\/\/api.w.org\/{rel}","templated":true}]}}