{"id":657,"date":"2024-08-23T16:55:06","date_gmt":"2024-08-23T14:55:06","guid":{"rendered":"https:\/\/scantoplan.de\/etiquetado-en-tiempo-real\/"},"modified":"2025-04-14T16:14:43","modified_gmt":"2025-04-14T14:14:43","slug":"etiquetado-en-tiempo-real","status":"publish","type":"page","link":"https:\/\/scantoplan.de\/es\/etiquetado-en-tiempo-real\/","title":{"rendered":"Etiquetado en tiempo real"},"content":{"rendered":"<p>[et_pb_section fb_built=\u00bb1&#8243; _builder_version=\u00bb4.27.0&#8243; _module_preset=\u00bbdefault\u00bb global_colors_info=\u00bb{}\u00bb][et_pb_row column_structure=\u00bb1_2,1_2&#8243; _builder_version=\u00bb4.27.0&#8243; _module_preset=\u00bbdefault\u00bb global_colors_info=\u00bb{}\u00bb][et_pb_column type=\u00bb1_2&#8243; _builder_version=\u00bb4.27.0&#8243; _module_preset=\u00bbdefault\u00bb global_colors_info=\u00bb{}\u00bb][et_pb_heading title=\u00bbEtiquetas en tiempo real\u00bb _builder_version=\u00bb4.27.0&#8243; _module_preset=\u00bbdefault\u00bb hover_enabled=\u00bb0&#8243; sticky_enabled=\u00bb0&#8243;][\/et_pb_heading][et_pb_text _builder_version=\u00bb4.27.0&#8243; _module_preset=\u00bbdefault\u00bb global_colors_info=\u00bb{}\u00bb]<\/p>\n<p><span>Las etiquetas iGUIDE te ayudan a transmitir informaci\u00f3n importante sobre el inmueble en tu visita virtual iGUIDE 3D.<\/span><\/p>\n<p><span>Las etiquetas pueden contener texto, fotos, v\u00eddeos y gr\u00e1ficos, abriendo as\u00ed toda una nueva dimensi\u00f3n. Ya sea in situ en tiempo real o a posteriori, las etiquetas son r\u00e1pidas y f\u00e1ciles de aplicar, y dan lugar a una visita virtual m\u00e1s completa.<\/span><\/p>\n<p><span>Ejemplo de aplicaci\u00f3n: Instrucciones de trabajo para varios oficios.<\/span><\/p>\n<p>[\/et_pb_text][\/et_pb_column][et_pb_column type=\u00bb1_2&#8243; _builder_version=\u00bb4.27.0&#8243; _module_preset=\u00bbdefault\u00bb global_colors_info=\u00bb{}\u00bb][et_pb_image src=\u00bbhttps:\/\/scantoplan.de\/wp-content\/uploads\/2024\/08\/Echtzeit-Tags.png\u00bb title_text=\u00bbEtiquetas en tiempo real\u00bb show_in_lightbox=\u00bbon\u00bb _builder_version=\u00bb4.27.0&#8243; _module_preset=\u00bbdefault\u00bb global_colors_info=\u00bb{}\u00bb][\/et_pb_image][\/et_pb_column][\/et_pb_row][\/et_pb_section]<\/p>\n","protected":false},"excerpt":{"rendered":"<p>Las etiquetas iGUIDE te ayudan a transmitir informaci\u00f3n importante sobre el inmueble en tu visita virtual iGUIDE 3D. Las etiquetas pueden contener texto, fotos, v\u00eddeos y gr\u00e1ficos, abriendo as\u00ed toda una nueva dimensi\u00f3n. Ya sea in situ en tiempo real o a posteriori, las etiquetas son r\u00e1pidas y f\u00e1ciles de aplicar, y dan lugar a [&hellip;]<\/p>\n","protected":false},"author":1,"featured_media":0,"parent":0,"menu_order":0,"comment_status":"closed","ping_status":"closed","template":"","meta":{"_et_pb_use_builder":"on","_et_pb_old_content":"","_et_gb_content_width":"","footnotes":""},"class_list":["post-657","page","type-page","status-publish","hentry"],"yoast_head":"<!-- This site is optimized with the Yoast SEO Premium plugin v26.6 (Yoast SEO v27.5) - https:\/\/yoast.com\/product\/yoast-seo-premium-wordpress\/ -->\n<title>Etiquetado en tiempo real - SCANTOPLAN<\/title>\n<meta name=\"robots\" content=\"index, follow, max-snippet:-1, max-image-preview:large, max-video-preview:-1\" \/>\n<link rel=\"canonical\" href=\"https:\/\/scantoplan.de\/es\/etiquetado-en-tiempo-real\/\" \/>\n<meta property=\"og:locale\" content=\"es_ES\" \/>\n<meta property=\"og:type\" content=\"article\" \/>\n<meta property=\"og:title\" content=\"Etiquetado en tiempo real\" \/>\n<meta property=\"og:description\" content=\"Las etiquetas iGUIDE te ayudan a transmitir informaci\u00f3n importante sobre el inmueble en tu visita virtual iGUIDE 3D. Las etiquetas pueden contener texto, fotos, v\u00eddeos y gr\u00e1ficos, abriendo as\u00ed toda una nueva dimensi\u00f3n. Ya sea in situ en tiempo real o a posteriori, las etiquetas son r\u00e1pidas y f\u00e1ciles de aplicar, y dan lugar a [&hellip;]\" \/>\n<meta property=\"og:url\" content=\"https:\/\/scantoplan.de\/es\/etiquetado-en-tiempo-real\/\" \/>\n<meta property=\"og:site_name\" content=\"SCANTOPLAN\" \/>\n<meta property=\"article:publisher\" content=\"https:\/\/www.facebook.com\/scantoplande\/\" \/>\n<meta property=\"article:modified_time\" content=\"2025-04-14T14:14:43+00:00\" \/>\n<meta name=\"twitter:card\" content=\"summary_large_image\" \/>\n<meta name=\"twitter:label1\" content=\"Tiempo de lectura\" \/>\n\t<meta name=\"twitter:data1\" content=\"1 minuto\" \/>\n<script type=\"application\/ld+json\" class=\"yoast-schema-graph\">{\"@context\":\"https:\\\/\\\/schema.org\",\"@graph\":[{\"@type\":\"WebPage\",\"@id\":\"https:\\\/\\\/scantoplan.de\\\/es\\\/etiquetado-en-tiempo-real\\\/\",\"url\":\"https:\\\/\\\/scantoplan.de\\\/es\\\/etiquetado-en-tiempo-real\\\/\",\"name\":\"Etiquetado en tiempo real - SCANTOPLAN\",\"isPartOf\":{\"@id\":\"https:\\\/\\\/scantoplan.de\\\/es\\\/#website\"},\"datePublished\":\"2024-08-23T14:55:06+00:00\",\"dateModified\":\"2025-04-14T14:14:43+00:00\",\"breadcrumb\":{\"@id\":\"https:\\\/\\\/scantoplan.de\\\/es\\\/etiquetado-en-tiempo-real\\\/#breadcrumb\"},\"inLanguage\":\"es\",\"potentialAction\":[{\"@type\":\"ReadAction\",\"target\":[\"https:\\\/\\\/scantoplan.de\\\/es\\\/etiquetado-en-tiempo-real\\\/\"]}]},{\"@type\":\"BreadcrumbList\",\"@id\":\"https:\\\/\\\/scantoplan.de\\\/es\\\/etiquetado-en-tiempo-real\\\/#breadcrumb\",\"itemListElement\":[{\"@type\":\"ListItem\",\"position\":1,\"name\":\"Startseite\",\"item\":\"https:\\\/\\\/scantoplan.de\\\/es\\\/\"},{\"@type\":\"ListItem\",\"position\":2,\"name\":\"Etiquetado en tiempo real\"}]},{\"@type\":\"WebSite\",\"@id\":\"https:\\\/\\\/scantoplan.de\\\/es\\\/#website\",\"url\":\"https:\\\/\\\/scantoplan.de\\\/es\\\/\",\"name\":\"SCANTOPLAN\",\"description\":\"Virtuelle Touren und digitale Grundrisse\",\"publisher\":{\"@id\":\"https:\\\/\\\/scantoplan.de\\\/es\\\/#organization\"},\"potentialAction\":[{\"@type\":\"SearchAction\",\"target\":{\"@type\":\"EntryPoint\",\"urlTemplate\":\"https:\\\/\\\/scantoplan.de\\\/es\\\/?s={search_term_string}\"},\"query-input\":{\"@type\":\"PropertyValueSpecification\",\"valueRequired\":true,\"valueName\":\"search_term_string\"}}],\"inLanguage\":\"es\"},{\"@type\":\"Organization\",\"@id\":\"https:\\\/\\\/scantoplan.de\\\/es\\\/#organization\",\"name\":\"SCANTOPLAN\",\"url\":\"https:\\\/\\\/scantoplan.de\\\/es\\\/\",\"logo\":{\"@type\":\"ImageObject\",\"inLanguage\":\"es\",\"@id\":\"https:\\\/\\\/scantoplan.de\\\/es\\\/#\\\/schema\\\/logo\\\/image\\\/\",\"url\":\"https:\\\/\\\/scantoplan.de\\\/wp-content\\\/uploads\\\/2024\\\/01\\\/SCANTOPLAN-LOGO-Blue.png\",\"contentUrl\":\"https:\\\/\\\/scantoplan.de\\\/wp-content\\\/uploads\\\/2024\\\/01\\\/SCANTOPLAN-LOGO-Blue.png\",\"width\":958,\"height\":800,\"caption\":\"SCANTOPLAN\"},\"image\":{\"@id\":\"https:\\\/\\\/scantoplan.de\\\/es\\\/#\\\/schema\\\/logo\\\/image\\\/\"},\"sameAs\":[\"https:\\\/\\\/www.facebook.com\\\/scantoplande\\\/\"]}]}<\/script>\n<!-- \/ Yoast SEO Premium plugin. -->","yoast_head_json":{"title":"Etiquetado en tiempo real - SCANTOPLAN","robots":{"index":"index","follow":"follow","max-snippet":"max-snippet:-1","max-image-preview":"max-image-preview:large","max-video-preview":"max-video-preview:-1"},"canonical":"https:\/\/scantoplan.de\/es\/etiquetado-en-tiempo-real\/","og_locale":"es_ES","og_type":"article","og_title":"Etiquetado en tiempo real","og_description":"Las etiquetas iGUIDE te ayudan a transmitir informaci\u00f3n importante sobre el inmueble en tu visita virtual iGUIDE 3D. Las etiquetas pueden contener texto, fotos, v\u00eddeos y gr\u00e1ficos, abriendo as\u00ed toda una nueva dimensi\u00f3n. Ya sea in situ en tiempo real o a posteriori, las etiquetas son r\u00e1pidas y f\u00e1ciles de aplicar, y dan lugar a [&hellip;]","og_url":"https:\/\/scantoplan.de\/es\/etiquetado-en-tiempo-real\/","og_site_name":"SCANTOPLAN","article_publisher":"https:\/\/www.facebook.com\/scantoplande\/","article_modified_time":"2025-04-14T14:14:43+00:00","twitter_card":"summary_large_image","twitter_misc":{"Tiempo de lectura":"1 minuto"},"schema":{"@context":"https:\/\/schema.org","@graph":[{"@type":"WebPage","@id":"https:\/\/scantoplan.de\/es\/etiquetado-en-tiempo-real\/","url":"https:\/\/scantoplan.de\/es\/etiquetado-en-tiempo-real\/","name":"Etiquetado en tiempo real - SCANTOPLAN","isPartOf":{"@id":"https:\/\/scantoplan.de\/es\/#website"},"datePublished":"2024-08-23T14:55:06+00:00","dateModified":"2025-04-14T14:14:43+00:00","breadcrumb":{"@id":"https:\/\/scantoplan.de\/es\/etiquetado-en-tiempo-real\/#breadcrumb"},"inLanguage":"es","potentialAction":[{"@type":"ReadAction","target":["https:\/\/scantoplan.de\/es\/etiquetado-en-tiempo-real\/"]}]},{"@type":"BreadcrumbList","@id":"https:\/\/scantoplan.de\/es\/etiquetado-en-tiempo-real\/#breadcrumb","itemListElement":[{"@type":"ListItem","position":1,"name":"Startseite","item":"https:\/\/scantoplan.de\/es\/"},{"@type":"ListItem","position":2,"name":"Etiquetado en tiempo real"}]},{"@type":"WebSite","@id":"https:\/\/scantoplan.de\/es\/#website","url":"https:\/\/scantoplan.de\/es\/","name":"SCANTOPLAN","description":"Virtuelle Touren und digitale Grundrisse","publisher":{"@id":"https:\/\/scantoplan.de\/es\/#organization"},"potentialAction":[{"@type":"SearchAction","target":{"@type":"EntryPoint","urlTemplate":"https:\/\/scantoplan.de\/es\/?s={search_term_string}"},"query-input":{"@type":"PropertyValueSpecification","valueRequired":true,"valueName":"search_term_string"}}],"inLanguage":"es"},{"@type":"Organization","@id":"https:\/\/scantoplan.de\/es\/#organization","name":"SCANTOPLAN","url":"https:\/\/scantoplan.de\/es\/","logo":{"@type":"ImageObject","inLanguage":"es","@id":"https:\/\/scantoplan.de\/es\/#\/schema\/logo\/image\/","url":"https:\/\/scantoplan.de\/wp-content\/uploads\/2024\/01\/SCANTOPLAN-LOGO-Blue.png","contentUrl":"https:\/\/scantoplan.de\/wp-content\/uploads\/2024\/01\/SCANTOPLAN-LOGO-Blue.png","width":958,"height":800,"caption":"SCANTOPLAN"},"image":{"@id":"https:\/\/scantoplan.de\/es\/#\/schema\/logo\/image\/"},"sameAs":["https:\/\/www.facebook.com\/scantoplande\/"]}]}},"_links":{"self":[{"href":"https:\/\/scantoplan.de\/es\/wp-json\/wp\/v2\/pages\/657","targetHints":{"allow":["GET"]}}],"collection":[{"href":"https:\/\/scantoplan.de\/es\/wp-json\/wp\/v2\/pages"}],"about":[{"href":"https:\/\/scantoplan.de\/es\/wp-json\/wp\/v2\/types\/page"}],"author":[{"embeddable":true,"href":"https:\/\/scantoplan.de\/es\/wp-json\/wp\/v2\/users\/1"}],"replies":[{"embeddable":true,"href":"https:\/\/scantoplan.de\/es\/wp-json\/wp\/v2\/comments?post=657"}],"version-history":[{"count":2,"href":"https:\/\/scantoplan.de\/es\/wp-json\/wp\/v2\/pages\/657\/revisions"}],"predecessor-version":[{"id":660,"href":"https:\/\/scantoplan.de\/es\/wp-json\/wp\/v2\/pages\/657\/revisions\/660"}],"wp:attachment":[{"href":"https:\/\/scantoplan.de\/es\/wp-json\/wp\/v2\/media?parent=657"}],"curies":[{"name":"wp","href":"https:\/\/api.w.org\/{rel}","templated":true}]}}