{"id":656,"date":"2024-08-23T11:54:58","date_gmt":"2024-08-23T09:54:58","guid":{"rendered":"https:\/\/scantoplan.de\/visitas-virtuales-en-360\/"},"modified":"2025-04-14T16:14:43","modified_gmt":"2025-04-14T14:14:43","slug":"visitas-virtuales-en-360","status":"publish","type":"page","link":"https:\/\/scantoplan.de\/es\/visitas-virtuales-en-360\/","title":{"rendered":"Visitas virtuales en 360"},"content":{"rendered":"\n[et_pb_section fb_built=\u00bb1&#8243; _builder_version=\u00bb4.27.0&#8243; _module_preset=\u00bbdefault\u00bb global_colors_info=\u00bb{}\u00bb][et_pb_row column_structure=\u00bb1_2,1_2&#8243; _builder_version=\u00bb4.27.0&#8243; _module_preset=\u00bbdefault\u00bb global_colors_info=\u00bb{}\u00bb][et_pb_column type=\u00bb1_2&#8243; _builder_version=\u00bb4.27.0&#8243; _module_preset=\u00bbdefault\u00bb global_colors_info=\u00bb{}\u00bb][et_pb_heading title=\u00bbVisitas virtuales en 360&#8243; _builder_version=\u00bb4.27.0&#8243; _module_preset=\u00bbdefault\u00bb global_colors_info=\u00bb{}\u00bb][\/et_pb_heading][et_pb_code _builder_version=\u00bb4.27.0&#8243; _module_preset=\u00bbdefault\u00bb global_colors_info=\u00bb{}\u00bb]<div style=\"display:block;position:relative;padding:0 0 57% 0;overflow:hidden;height:0;width:100%\"><iframe src=\"\/\/youriguide.com\/embed\/vYKW9OR8TDZGD1?unbranded=1&amp;bgcolor=FFFFFF\" style=\"display:block;position:absolute;top:0;left:0;width:100%;height:100%;border:0;\" scrolling=\"no\" frameborder=\"0\" allowfullscreen=\"\"><\/iframe><\/div>[\/et_pb_code][\/et_pb_column][et_pb_column type=\u00bb1_2&#8243; _builder_version=\u00bb4.27.0&#8243; _module_preset=\u00bbdefault\u00bb global_colors_info=\u00bb{}\u00bb][et_pb_text _builder_version=\u00bb4.27.0&#8243; _module_preset=\u00bbdefault\u00bb global_colors_info=\u00bb{}\u00bb]<p><span>Prueba las funciones, mide en el plano o en las panor\u00e1micas. Cambia entre los edificios o salta de una panor\u00e1mica a otra utilizando los puntos verdes. Inicia la visita virtual haciendo clic en la panor\u00e1mica. Para disfrutar de la mejor experiencia, cambia al modo de pantalla completa en la parte inferior derecha de la panor\u00e1mica que has iniciado&#8230;   <\/span><br><span>A continuaci\u00f3n te explicamos los elementos m\u00e1s importantes&#8230;<\/span><\/p>[\/et_pb_text][et_pb_image src=\u00bbhttps:\/\/scantoplan.de\/wp-content\/uploads\/2024\/08\/Screen-Funktionen.png\u00bb title_text=\u00bbFunciones de la pantalla\u00bb show_in_lightbox=\u00bbon\u00bb _builder_version=\u00bb4.27.0&#8243; _module_preset=\u00bbdefault\u00bb global_colors_info=\u00bb{}\u00bb][\/et_pb_image][\/et_pb_column][\/et_pb_row][\/et_pb_section]\n","protected":false},"excerpt":{"rendered":"<p>Prueba las funciones, mide en el plano o en las panor\u00e1micas. Cambia entre los edificios o salta de una panor\u00e1mica a otra utilizando los puntos verdes. Inicia la visita virtual haciendo clic en la panor\u00e1mica. Para disfrutar de la mejor experiencia, cambia al modo de pantalla completa en la parte inferior derecha de la panor\u00e1mica [&hellip;]<\/p>\n","protected":false},"author":1,"featured_media":0,"parent":0,"menu_order":0,"comment_status":"closed","ping_status":"closed","template":"","meta":{"_et_pb_use_builder":"on","_et_pb_old_content":"","_et_gb_content_width":"","footnotes":""},"class_list":["post-656","page","type-page","status-publish","hentry"],"yoast_head":"<!-- This site is optimized with the Yoast SEO Premium plugin v26.6 (Yoast SEO v27.5) - https:\/\/yoast.com\/product\/yoast-seo-premium-wordpress\/ -->\n<title>Visitas virtuales en 360 - SCANTOPLAN<\/title>\n<meta name=\"robots\" content=\"index, follow, max-snippet:-1, max-image-preview:large, max-video-preview:-1\" \/>\n<link rel=\"canonical\" href=\"https:\/\/scantoplan.de\/es\/visitas-virtuales-en-360\/\" \/>\n<meta property=\"og:locale\" content=\"es_ES\" \/>\n<meta property=\"og:type\" content=\"article\" \/>\n<meta property=\"og:title\" content=\"Visitas virtuales en 360\" \/>\n<meta property=\"og:description\" content=\"Prueba las funciones, mide en el plano o en las panor\u00e1micas. Cambia entre los edificios o salta de una panor\u00e1mica a otra utilizando los puntos verdes. Inicia la visita virtual haciendo clic en la panor\u00e1mica. Para disfrutar de la mejor experiencia, cambia al modo de pantalla completa en la parte inferior derecha de la panor\u00e1mica [&hellip;]\" \/>\n<meta property=\"og:url\" content=\"https:\/\/scantoplan.de\/es\/visitas-virtuales-en-360\/\" \/>\n<meta property=\"og:site_name\" content=\"SCANTOPLAN\" \/>\n<meta property=\"article:publisher\" content=\"https:\/\/www.facebook.com\/scantoplande\/\" \/>\n<meta property=\"article:modified_time\" content=\"2025-04-14T14:14:43+00:00\" \/>\n<meta name=\"twitter:card\" content=\"summary_large_image\" \/>\n<meta name=\"twitter:label1\" content=\"Tiempo de lectura\" \/>\n\t<meta name=\"twitter:data1\" content=\"1 minuto\" \/>\n<script type=\"application\/ld+json\" class=\"yoast-schema-graph\">{\"@context\":\"https:\\\/\\\/schema.org\",\"@graph\":[{\"@type\":\"WebPage\",\"@id\":\"https:\\\/\\\/scantoplan.de\\\/es\\\/visitas-virtuales-en-360\\\/\",\"url\":\"https:\\\/\\\/scantoplan.de\\\/es\\\/visitas-virtuales-en-360\\\/\",\"name\":\"Visitas virtuales en 360 - SCANTOPLAN\",\"isPartOf\":{\"@id\":\"https:\\\/\\\/scantoplan.de\\\/es\\\/#website\"},\"datePublished\":\"2024-08-23T09:54:58+00:00\",\"dateModified\":\"2025-04-14T14:14:43+00:00\",\"breadcrumb\":{\"@id\":\"https:\\\/\\\/scantoplan.de\\\/es\\\/visitas-virtuales-en-360\\\/#breadcrumb\"},\"inLanguage\":\"es\",\"potentialAction\":[{\"@type\":\"ReadAction\",\"target\":[\"https:\\\/\\\/scantoplan.de\\\/es\\\/visitas-virtuales-en-360\\\/\"]}]},{\"@type\":\"BreadcrumbList\",\"@id\":\"https:\\\/\\\/scantoplan.de\\\/es\\\/visitas-virtuales-en-360\\\/#breadcrumb\",\"itemListElement\":[{\"@type\":\"ListItem\",\"position\":1,\"name\":\"Startseite\",\"item\":\"https:\\\/\\\/scantoplan.de\\\/es\\\/\"},{\"@type\":\"ListItem\",\"position\":2,\"name\":\"Visitas virtuales en 360\"}]},{\"@type\":\"WebSite\",\"@id\":\"https:\\\/\\\/scantoplan.de\\\/es\\\/#website\",\"url\":\"https:\\\/\\\/scantoplan.de\\\/es\\\/\",\"name\":\"SCANTOPLAN\",\"description\":\"Virtuelle Touren und digitale Grundrisse\",\"publisher\":{\"@id\":\"https:\\\/\\\/scantoplan.de\\\/es\\\/#organization\"},\"potentialAction\":[{\"@type\":\"SearchAction\",\"target\":{\"@type\":\"EntryPoint\",\"urlTemplate\":\"https:\\\/\\\/scantoplan.de\\\/es\\\/?s={search_term_string}\"},\"query-input\":{\"@type\":\"PropertyValueSpecification\",\"valueRequired\":true,\"valueName\":\"search_term_string\"}}],\"inLanguage\":\"es\"},{\"@type\":\"Organization\",\"@id\":\"https:\\\/\\\/scantoplan.de\\\/es\\\/#organization\",\"name\":\"SCANTOPLAN\",\"url\":\"https:\\\/\\\/scantoplan.de\\\/es\\\/\",\"logo\":{\"@type\":\"ImageObject\",\"inLanguage\":\"es\",\"@id\":\"https:\\\/\\\/scantoplan.de\\\/es\\\/#\\\/schema\\\/logo\\\/image\\\/\",\"url\":\"https:\\\/\\\/scantoplan.de\\\/wp-content\\\/uploads\\\/2024\\\/01\\\/SCANTOPLAN-LOGO-Blue.png\",\"contentUrl\":\"https:\\\/\\\/scantoplan.de\\\/wp-content\\\/uploads\\\/2024\\\/01\\\/SCANTOPLAN-LOGO-Blue.png\",\"width\":958,\"height\":800,\"caption\":\"SCANTOPLAN\"},\"image\":{\"@id\":\"https:\\\/\\\/scantoplan.de\\\/es\\\/#\\\/schema\\\/logo\\\/image\\\/\"},\"sameAs\":[\"https:\\\/\\\/www.facebook.com\\\/scantoplande\\\/\"]}]}<\/script>\n<!-- \/ Yoast SEO Premium plugin. -->","yoast_head_json":{"title":"Visitas virtuales en 360 - SCANTOPLAN","robots":{"index":"index","follow":"follow","max-snippet":"max-snippet:-1","max-image-preview":"max-image-preview:large","max-video-preview":"max-video-preview:-1"},"canonical":"https:\/\/scantoplan.de\/es\/visitas-virtuales-en-360\/","og_locale":"es_ES","og_type":"article","og_title":"Visitas virtuales en 360","og_description":"Prueba las funciones, mide en el plano o en las panor\u00e1micas. Cambia entre los edificios o salta de una panor\u00e1mica a otra utilizando los puntos verdes. Inicia la visita virtual haciendo clic en la panor\u00e1mica. Para disfrutar de la mejor experiencia, cambia al modo de pantalla completa en la parte inferior derecha de la panor\u00e1mica [&hellip;]","og_url":"https:\/\/scantoplan.de\/es\/visitas-virtuales-en-360\/","og_site_name":"SCANTOPLAN","article_publisher":"https:\/\/www.facebook.com\/scantoplande\/","article_modified_time":"2025-04-14T14:14:43+00:00","twitter_card":"summary_large_image","twitter_misc":{"Tiempo de lectura":"1 minuto"},"schema":{"@context":"https:\/\/schema.org","@graph":[{"@type":"WebPage","@id":"https:\/\/scantoplan.de\/es\/visitas-virtuales-en-360\/","url":"https:\/\/scantoplan.de\/es\/visitas-virtuales-en-360\/","name":"Visitas virtuales en 360 - SCANTOPLAN","isPartOf":{"@id":"https:\/\/scantoplan.de\/es\/#website"},"datePublished":"2024-08-23T09:54:58+00:00","dateModified":"2025-04-14T14:14:43+00:00","breadcrumb":{"@id":"https:\/\/scantoplan.de\/es\/visitas-virtuales-en-360\/#breadcrumb"},"inLanguage":"es","potentialAction":[{"@type":"ReadAction","target":["https:\/\/scantoplan.de\/es\/visitas-virtuales-en-360\/"]}]},{"@type":"BreadcrumbList","@id":"https:\/\/scantoplan.de\/es\/visitas-virtuales-en-360\/#breadcrumb","itemListElement":[{"@type":"ListItem","position":1,"name":"Startseite","item":"https:\/\/scantoplan.de\/es\/"},{"@type":"ListItem","position":2,"name":"Visitas virtuales en 360"}]},{"@type":"WebSite","@id":"https:\/\/scantoplan.de\/es\/#website","url":"https:\/\/scantoplan.de\/es\/","name":"SCANTOPLAN","description":"Virtuelle Touren und digitale Grundrisse","publisher":{"@id":"https:\/\/scantoplan.de\/es\/#organization"},"potentialAction":[{"@type":"SearchAction","target":{"@type":"EntryPoint","urlTemplate":"https:\/\/scantoplan.de\/es\/?s={search_term_string}"},"query-input":{"@type":"PropertyValueSpecification","valueRequired":true,"valueName":"search_term_string"}}],"inLanguage":"es"},{"@type":"Organization","@id":"https:\/\/scantoplan.de\/es\/#organization","name":"SCANTOPLAN","url":"https:\/\/scantoplan.de\/es\/","logo":{"@type":"ImageObject","inLanguage":"es","@id":"https:\/\/scantoplan.de\/es\/#\/schema\/logo\/image\/","url":"https:\/\/scantoplan.de\/wp-content\/uploads\/2024\/01\/SCANTOPLAN-LOGO-Blue.png","contentUrl":"https:\/\/scantoplan.de\/wp-content\/uploads\/2024\/01\/SCANTOPLAN-LOGO-Blue.png","width":958,"height":800,"caption":"SCANTOPLAN"},"image":{"@id":"https:\/\/scantoplan.de\/es\/#\/schema\/logo\/image\/"},"sameAs":["https:\/\/www.facebook.com\/scantoplande\/"]}]}},"_links":{"self":[{"href":"https:\/\/scantoplan.de\/es\/wp-json\/wp\/v2\/pages\/656","targetHints":{"allow":["GET"]}}],"collection":[{"href":"https:\/\/scantoplan.de\/es\/wp-json\/wp\/v2\/pages"}],"about":[{"href":"https:\/\/scantoplan.de\/es\/wp-json\/wp\/v2\/types\/page"}],"author":[{"embeddable":true,"href":"https:\/\/scantoplan.de\/es\/wp-json\/wp\/v2\/users\/1"}],"replies":[{"embeddable":true,"href":"https:\/\/scantoplan.de\/es\/wp-json\/wp\/v2\/comments?post=656"}],"version-history":[{"count":1,"href":"https:\/\/scantoplan.de\/es\/wp-json\/wp\/v2\/pages\/656\/revisions"}],"predecessor-version":[{"id":658,"href":"https:\/\/scantoplan.de\/es\/wp-json\/wp\/v2\/pages\/656\/revisions\/658"}],"wp:attachment":[{"href":"https:\/\/scantoplan.de\/es\/wp-json\/wp\/v2\/media?parent=656"}],"curies":[{"name":"wp","href":"https:\/\/api.w.org\/{rel}","templated":true}]}}